{"id":71230,"date":"2026-01-04T18:26:37","date_gmt":"2026-01-04T18:26:37","guid":{"rendered":"https:\/\/mitjavilaslowshop.com\/producte\/acondicionador-solid\/"},"modified":"2026-03-17T13:47:59","modified_gmt":"2026-03-17T13:47:59","slug":"acondicionador-solido","status":"publish","type":"product","link":"https:\/\/mitjavilaslowshop.com\/es\/producte\/acondicionador-solido\/","title":{"rendered":"ACONDICIONADOR S\u00d3LIDO"},"content":{"rendered":"<p>El acondicionador s\u00f3lido es la alternativa ideal para cuidar tu cabello de manera ecol\u00f3gica, pr\u00e1ctica y sostenible. Formulado con ingredientes naturales y biodegradables, proporciona una nutrici\u00f3n profunda, facilita el peinado y deja el cabello suave y brillante, sin residuos t\u00f3xicos ni pl\u00e1sticos.<br \/>Origen: Catalu\u00f1a<\/p>\n","protected":false},"excerpt":{"rendered":"<p>El acondicionador s\u00f3lido es la alternativa ideal para cuidar tu cabello de manera ecol\u00f3gica, pr\u00e1ctica y sostenible. Formulado con ingredientes naturales y biodegradables, proporciona una nutrici\u00f3n profunda, facilita el peinado y deja el cabello suave y brillante, sin residuos t\u00f3xicos ni pl\u00e1sticos.Origen: Catalu\u00f1a<\/p>\n","protected":false},"featured_media":71231,"comment_status":"open","ping_status":"closed","template":"","meta":{"_acf_changed":false,"_joinchat":[]},"product_brand":[],"product_cat":[267],"product_tag":[],"class_list":{"0":"post-71230","1":"product","2":"type-product","3":"status-publish","4":"has-post-thumbnail","6":"product_cat-higiene","8":"first","9":"instock","10":"taxable","11":"shipping-taxable","12":"purchasable","13":"product-type-simple"},"acf":[],"_links":{"self":[{"href":"https:\/\/mitjavilaslowshop.com\/es\/wp-json\/wp\/v2\/product\/71230","targetHints":{"allow":["GET"]}}],"collection":[{"href":"https:\/\/mitjavilaslowshop.com\/es\/wp-json\/wp\/v2\/product"}],"about":[{"href":"https:\/\/mitjavilaslowshop.com\/es\/wp-json\/wp\/v2\/types\/product"}],"replies":[{"embeddable":true,"href":"https:\/\/mitjavilaslowshop.com\/es\/wp-json\/wp\/v2\/comments?post=71230"}],"version-history":[{"count":4,"href":"https:\/\/mitjavilaslowshop.com\/es\/wp-json\/wp\/v2\/product\/71230\/revisions"}],"predecessor-version":[{"id":78939,"href":"https:\/\/mitjavilaslowshop.com\/es\/wp-json\/wp\/v2\/product\/71230\/revisions\/78939"}],"wp:featuredmedia":[{"embeddable":true,"href":"https:\/\/mitjavilaslowshop.com\/es\/wp-json\/wp\/v2\/media\/71231"}],"wp:attachment":[{"href":"https:\/\/mitjavilaslowshop.com\/es\/wp-json\/wp\/v2\/media?parent=71230"}],"wp:term":[{"taxonomy":"product_brand","embeddable":true,"href":"https:\/\/mitjavilaslowshop.com\/es\/wp-json\/wp\/v2\/product_brand?post=71230"},{"taxonomy":"product_cat","embeddable":true,"href":"https:\/\/mitjavilaslowshop.com\/es\/wp-json\/wp\/v2\/product_cat?post=71230"},{"taxonomy":"product_tag","embeddable":true,"href":"https:\/\/mitjavilaslowshop.com\/es\/wp-json\/wp\/v2\/product_tag?post=71230"}],"curies":[{"name":"wp","href":"https:\/\/api.w.org\/{rel}","templated":true}]}}