{"id":71226,"date":"2026-01-04T18:26:37","date_gmt":"2026-01-04T18:26:37","guid":{"rendered":"https:\/\/mitjavilaslowshop.com\/producte\/xampu-solid-boira\/"},"modified":"2026-03-17T13:47:59","modified_gmt":"2026-03-17T13:47:59","slug":"champu-solido-boira","status":"publish","type":"product","link":"https:\/\/mitjavilaslowshop.com\/es\/producte\/champu-solido-boira\/","title":{"rendered":"CHAMP\u00da S\u00d3LIDO BOIRA"},"content":{"rendered":"<p>Champ\u00fa s\u00f3lido Boira, una opci\u00f3n ecol\u00f3gica y sostenible para el cuidado del cabello. Formulado con ingredientes naturales, este champ\u00fa s\u00f3lido es perfecto para cabellos normales y secos, proporcionando hidrataci\u00f3n intensa y un brillo saludable. Libre de sulfatos y siliconas.<\/p>\n","protected":false},"excerpt":{"rendered":"<p>Champ\u00fa s\u00f3lido Boira, una opci\u00f3n ecol\u00f3gica y sostenible para el cuidado del cabello. Formulado con ingredientes naturales, este champ\u00fa s\u00f3lido es perfecto para cabellos normales y secos, proporcionando hidrataci\u00f3n intensa y un brillo saludable. Libre de sulfatos y siliconas.<\/p>\n","protected":false},"featured_media":71227,"comment_status":"open","ping_status":"closed","template":"","meta":{"_acf_changed":false,"_joinchat":[]},"product_brand":[],"product_cat":[267],"product_tag":[],"class_list":{"0":"post-71226","1":"product","2":"type-product","3":"status-publish","4":"has-post-thumbnail","6":"product_cat-higiene","8":"first","9":"instock","10":"taxable","11":"shipping-taxable","12":"purchasable","13":"product-type-simple"},"acf":[],"_links":{"self":[{"href":"https:\/\/mitjavilaslowshop.com\/es\/wp-json\/wp\/v2\/product\/71226","targetHints":{"allow":["GET"]}}],"collection":[{"href":"https:\/\/mitjavilaslowshop.com\/es\/wp-json\/wp\/v2\/product"}],"about":[{"href":"https:\/\/mitjavilaslowshop.com\/es\/wp-json\/wp\/v2\/types\/product"}],"replies":[{"embeddable":true,"href":"https:\/\/mitjavilaslowshop.com\/es\/wp-json\/wp\/v2\/comments?post=71226"}],"version-history":[{"count":4,"href":"https:\/\/mitjavilaslowshop.com\/es\/wp-json\/wp\/v2\/product\/71226\/revisions"}],"predecessor-version":[{"id":78938,"href":"https:\/\/mitjavilaslowshop.com\/es\/wp-json\/wp\/v2\/product\/71226\/revisions\/78938"}],"wp:featuredmedia":[{"embeddable":true,"href":"https:\/\/mitjavilaslowshop.com\/es\/wp-json\/wp\/v2\/media\/71227"}],"wp:attachment":[{"href":"https:\/\/mitjavilaslowshop.com\/es\/wp-json\/wp\/v2\/media?parent=71226"}],"wp:term":[{"taxonomy":"product_brand","embeddable":true,"href":"https:\/\/mitjavilaslowshop.com\/es\/wp-json\/wp\/v2\/product_brand?post=71226"},{"taxonomy":"product_cat","embeddable":true,"href":"https:\/\/mitjavilaslowshop.com\/es\/wp-json\/wp\/v2\/product_cat?post=71226"},{"taxonomy":"product_tag","embeddable":true,"href":"https:\/\/mitjavilaslowshop.com\/es\/wp-json\/wp\/v2\/product_tag?post=71226"}],"curies":[{"name":"wp","href":"https:\/\/api.w.org\/{rel}","templated":true}]}}