{"id":71218,"date":"2026-01-04T18:26:38","date_gmt":"2026-01-04T18:26:38","guid":{"rendered":"https:\/\/mitjavilaslowshop.com\/producte\/xampu-solid-bosc\/"},"modified":"2026-03-17T13:47:58","modified_gmt":"2026-03-17T13:47:58","slug":"champu-solido-bosque","status":"publish","type":"product","link":"https:\/\/mitjavilaslowshop.com\/es\/producte\/champu-solido-bosque\/","title":{"rendered":"CHAMP\u00da S\u00d3LIDO BOSQUE"},"content":{"rendered":"<p>El Champ\u00fa S\u00f3lido Bosque es perfecto para una rutina capilar ecol\u00f3gica y sostenible. Formulado con ingredientes naturales, este champ\u00fa s\u00f3lido est\u00e1 especialmente indicado para cabellos grasos o con tendencia a engrasarse, ofreciendo una limpieza profunda, frescura y equilibrio sin sulfatos ni siliconas.<br \/>Origen: Catalu\u00f1a<\/p>\n","protected":false},"excerpt":{"rendered":"<p>El Champ\u00fa S\u00f3lido Bosque es perfecto para una rutina capilar ecol\u00f3gica y sostenible. Formulado con ingredientes naturales, este champ\u00fa s\u00f3lido est\u00e1 especialmente indicado para cabellos grasos o con tendencia a engrasarse, ofreciendo una limpieza profunda, frescura y equilibrio sin sulfatos ni siliconas.Origen: Catalu\u00f1a<\/p>\n","protected":false},"featured_media":71219,"comment_status":"open","ping_status":"closed","template":"","meta":{"_acf_changed":false,"_joinchat":[]},"product_brand":[],"product_cat":[267],"product_tag":[],"class_list":{"0":"post-71218","1":"product","2":"type-product","3":"status-publish","4":"has-post-thumbnail","6":"product_cat-higiene","8":"first","9":"instock","10":"taxable","11":"shipping-taxable","12":"purchasable","13":"product-type-simple"},"acf":[],"_links":{"self":[{"href":"https:\/\/mitjavilaslowshop.com\/es\/wp-json\/wp\/v2\/product\/71218","targetHints":{"allow":["GET"]}}],"collection":[{"href":"https:\/\/mitjavilaslowshop.com\/es\/wp-json\/wp\/v2\/product"}],"about":[{"href":"https:\/\/mitjavilaslowshop.com\/es\/wp-json\/wp\/v2\/types\/product"}],"replies":[{"embeddable":true,"href":"https:\/\/mitjavilaslowshop.com\/es\/wp-json\/wp\/v2\/comments?post=71218"}],"version-history":[{"count":4,"href":"https:\/\/mitjavilaslowshop.com\/es\/wp-json\/wp\/v2\/product\/71218\/revisions"}],"predecessor-version":[{"id":78936,"href":"https:\/\/mitjavilaslowshop.com\/es\/wp-json\/wp\/v2\/product\/71218\/revisions\/78936"}],"wp:featuredmedia":[{"embeddable":true,"href":"https:\/\/mitjavilaslowshop.com\/es\/wp-json\/wp\/v2\/media\/71219"}],"wp:attachment":[{"href":"https:\/\/mitjavilaslowshop.com\/es\/wp-json\/wp\/v2\/media?parent=71218"}],"wp:term":[{"taxonomy":"product_brand","embeddable":true,"href":"https:\/\/mitjavilaslowshop.com\/es\/wp-json\/wp\/v2\/product_brand?post=71218"},{"taxonomy":"product_cat","embeddable":true,"href":"https:\/\/mitjavilaslowshop.com\/es\/wp-json\/wp\/v2\/product_cat?post=71218"},{"taxonomy":"product_tag","embeddable":true,"href":"https:\/\/mitjavilaslowshop.com\/es\/wp-json\/wp\/v2\/product_tag?post=71218"}],"curies":[{"name":"wp","href":"https:\/\/api.w.org\/{rel}","templated":true}]}}