{"id":71214,"date":"2026-01-04T18:26:39","date_gmt":"2026-01-04T18:26:39","guid":{"rendered":"https:\/\/mitjavilaslowshop.com\/producte\/pasta-de-dents-menta\/"},"modified":"2026-03-17T13:47:58","modified_gmt":"2026-03-17T13:47:58","slug":"pasta-de-dientes-menta","status":"publish","type":"product","link":"https:\/\/mitjavilaslowshop.com\/es\/producte\/pasta-de-dientes-menta\/","title":{"rendered":"<p>PASTA DE DIENTES MENTA<\/p>"},"content":{"rendered":"<p>La Pasta de Dientes Natural con Menta es perfecta para cuidar tu salud bucal de manera ecol\u00f3gica. Formulada con ingredientes naturales, garantiza una limpieza eficaz, protege el esmalte dental y deja una sensaci\u00f3n de frescura prolongada, sin fluoruro sint\u00e9tico ni qu\u00edmicos da\u00f1inos.<br \/>Origen: Catalu\u00f1a<\/p>\n","protected":false},"excerpt":{"rendered":"<p>La Pasta de Dientes Natural con Menta es perfecta para cuidar tu salud bucal de manera ecol\u00f3gica. Formulada con ingredientes naturales, garantiza una limpieza eficaz, protege el esmalte dental y deja una sensaci\u00f3n de frescura prolongada, sin fluoruro sint\u00e9tico ni qu\u00edmicos da\u00f1inos.Origen: Catalu\u00f1a<\/p>\n","protected":false},"featured_media":71215,"comment_status":"open","ping_status":"closed","template":"","meta":{"_acf_changed":false,"_joinchat":[]},"product_brand":[],"product_cat":[267],"product_tag":[],"class_list":{"0":"post-71214","1":"product","2":"type-product","3":"status-publish","4":"has-post-thumbnail","6":"product_cat-higiene","8":"first","9":"instock","10":"taxable","11":"shipping-taxable","12":"purchasable","13":"product-type-simple"},"acf":[],"_links":{"self":[{"href":"https:\/\/mitjavilaslowshop.com\/es\/wp-json\/wp\/v2\/product\/71214","targetHints":{"allow":["GET"]}}],"collection":[{"href":"https:\/\/mitjavilaslowshop.com\/es\/wp-json\/wp\/v2\/product"}],"about":[{"href":"https:\/\/mitjavilaslowshop.com\/es\/wp-json\/wp\/v2\/types\/product"}],"replies":[{"embeddable":true,"href":"https:\/\/mitjavilaslowshop.com\/es\/wp-json\/wp\/v2\/comments?post=71214"}],"version-history":[{"count":7,"href":"https:\/\/mitjavilaslowshop.com\/es\/wp-json\/wp\/v2\/product\/71214\/revisions"}],"predecessor-version":[{"id":81518,"href":"https:\/\/mitjavilaslowshop.com\/es\/wp-json\/wp\/v2\/product\/71214\/revisions\/81518"}],"wp:featuredmedia":[{"embeddable":true,"href":"https:\/\/mitjavilaslowshop.com\/es\/wp-json\/wp\/v2\/media\/71215"}],"wp:attachment":[{"href":"https:\/\/mitjavilaslowshop.com\/es\/wp-json\/wp\/v2\/media?parent=71214"}],"wp:term":[{"taxonomy":"product_brand","embeddable":true,"href":"https:\/\/mitjavilaslowshop.com\/es\/wp-json\/wp\/v2\/product_brand?post=71214"},{"taxonomy":"product_cat","embeddable":true,"href":"https:\/\/mitjavilaslowshop.com\/es\/wp-json\/wp\/v2\/product_cat?post=71214"},{"taxonomy":"product_tag","embeddable":true,"href":"https:\/\/mitjavilaslowshop.com\/es\/wp-json\/wp\/v2\/product_tag?post=71214"}],"curies":[{"name":"wp","href":"https:\/\/api.w.org\/{rel}","templated":true}]}}