{"id":71207,"date":"2026-01-04T18:26:40","date_gmt":"2026-01-04T18:26:40","guid":{"rendered":"https:\/\/mitjavilaslowshop.com\/producte\/barra-sabo-tardor\/"},"modified":"2026-03-31T08:27:14","modified_gmt":"2026-03-31T08:27:14","slug":"barra-jabon-otono","status":"publish","type":"product","link":"https:\/\/mitjavilaslowshop.com\/es\/producte\/barra-jabon-otono\/","title":{"rendered":"BARRA JAB\u00d3N OTO\u00d1O"},"content":{"rendered":"<p>Jab\u00f3n en barra Oto\u00f1o: cuidado diario para pieles en temporada fr\u00eda<\/p>\n<p>Este jab\u00f3n en barra Oto\u00f1o est\u00e1 dise\u00f1ado para el cuidado diario de la piel en los meses fr\u00edos. Formulado con ingredientes naturales, limpia suavemente, hidrata y protege la piel, ofreciendo una fragancia c\u00e1lida y acogedora que evoca el oto\u00f1o. Libre de sulfatos, parabenos y aceites minerales.<\/p>\n<p>Origen: Catalu\u00f1a<\/p>\n","protected":false},"excerpt":{"rendered":"<p>Jab\u00f3n en barra Oto\u00f1o: cuidado diario para pieles en temporada fr\u00eda<\/p>\n<p>Este jab\u00f3n en barra Oto\u00f1o est\u00e1 dise\u00f1ado para el cuidado diario de la piel en los meses fr\u00edos. Formulado con ingredientes naturales, limpia suavemente, hidrata y protege la piel, ofreciendo una fragancia c\u00e1lida y acogedora que evoca el oto\u00f1o. Libre de sulfatos, parabenos y aceites minerales.<\/p>\n<p>Origen: Catalu\u00f1a<\/p>\n","protected":false},"featured_media":0,"comment_status":"open","ping_status":"closed","template":"","meta":{"_acf_changed":false,"_joinchat":[]},"product_brand":[],"product_cat":[267],"product_tag":[],"class_list":{"0":"post-71207","1":"product","2":"type-product","3":"status-publish","5":"product_cat-higiene","7":"first","8":"instock","9":"taxable","10":"shipping-taxable","11":"purchasable","12":"product-type-variable","13":"has-default-attributes"},"acf":[],"_links":{"self":[{"href":"https:\/\/mitjavilaslowshop.com\/es\/wp-json\/wp\/v2\/product\/71207","targetHints":{"allow":["GET"]}}],"collection":[{"href":"https:\/\/mitjavilaslowshop.com\/es\/wp-json\/wp\/v2\/product"}],"about":[{"href":"https:\/\/mitjavilaslowshop.com\/es\/wp-json\/wp\/v2\/types\/product"}],"replies":[{"embeddable":true,"href":"https:\/\/mitjavilaslowshop.com\/es\/wp-json\/wp\/v2\/comments?post=71207"}],"version-history":[{"count":8,"href":"https:\/\/mitjavilaslowshop.com\/es\/wp-json\/wp\/v2\/product\/71207\/revisions"}],"predecessor-version":[{"id":88832,"href":"https:\/\/mitjavilaslowshop.com\/es\/wp-json\/wp\/v2\/product\/71207\/revisions\/88832"}],"wp:attachment":[{"href":"https:\/\/mitjavilaslowshop.com\/es\/wp-json\/wp\/v2\/media?parent=71207"}],"wp:term":[{"taxonomy":"product_brand","embeddable":true,"href":"https:\/\/mitjavilaslowshop.com\/es\/wp-json\/wp\/v2\/product_brand?post=71207"},{"taxonomy":"product_cat","embeddable":true,"href":"https:\/\/mitjavilaslowshop.com\/es\/wp-json\/wp\/v2\/product_cat?post=71207"},{"taxonomy":"product_tag","embeddable":true,"href":"https:\/\/mitjavilaslowshop.com\/es\/wp-json\/wp\/v2\/product_tag?post=71207"}],"curies":[{"name":"wp","href":"https:\/\/api.w.org\/{rel}","templated":true}]}}