{"id":71192,"date":"2026-01-04T18:26:41","date_gmt":"2026-01-04T18:26:41","guid":{"rendered":"https:\/\/mitjavilaslowshop.com\/producte\/esponja-vegetal-luffa\/"},"modified":"2026-03-17T13:47:56","modified_gmt":"2026-03-17T13:47:56","slug":"esponja-vegetal-luffa","status":"publish","type":"product","link":"https:\/\/mitjavilaslowshop.com\/es\/producte\/esponja-vegetal-luffa\/","title":{"rendered":"ESPONJA VEGETAL LUFFA"},"content":{"rendered":"<p>La esponja vegetal de Luffa: exfoliaci\u00f3n natural y delicada para tu piel<\/p>\n<p>La esponja de Luffa, elaborada a partir de la planta luffa, ofrece una exfoliaci\u00f3n suave y efectiva, cuidando tu piel de forma natural. Es 100% biodegradable y perfecta para eliminar c\u00e9lulas muertas, estimular la circulaci\u00f3n y lograr una piel m\u00e1s tersa y saludable.<\/p>\n","protected":false},"excerpt":{"rendered":"<p>La esponja vegetal de Luffa: exfoliaci\u00f3n natural y delicada para tu piel La esponja de Luffa, elaborada a partir de la planta luffa, ofrece una exfoliaci\u00f3n suave y efectiva, cuidando tu piel de forma natural. Es 100% biodegradable y perfecta para eliminar c\u00e9lulas muertas, estimular la circulaci\u00f3n y lograr una piel m\u00e1s tersa y saludable.<\/p>\n","protected":false},"featured_media":71193,"comment_status":"open","ping_status":"closed","template":"","meta":{"_acf_changed":false,"_joinchat":[]},"product_brand":[],"product_cat":[267],"product_tag":[],"class_list":{"0":"post-71192","1":"product","2":"type-product","3":"status-publish","4":"has-post-thumbnail","6":"product_cat-higiene","8":"first","9":"instock","10":"taxable","11":"shipping-taxable","12":"purchasable","13":"product-type-simple"},"acf":[],"_links":{"self":[{"href":"https:\/\/mitjavilaslowshop.com\/es\/wp-json\/wp\/v2\/product\/71192","targetHints":{"allow":["GET"]}}],"collection":[{"href":"https:\/\/mitjavilaslowshop.com\/es\/wp-json\/wp\/v2\/product"}],"about":[{"href":"https:\/\/mitjavilaslowshop.com\/es\/wp-json\/wp\/v2\/types\/product"}],"replies":[{"embeddable":true,"href":"https:\/\/mitjavilaslowshop.com\/es\/wp-json\/wp\/v2\/comments?post=71192"}],"version-history":[{"count":4,"href":"https:\/\/mitjavilaslowshop.com\/es\/wp-json\/wp\/v2\/product\/71192\/revisions"}],"predecessor-version":[{"id":78929,"href":"https:\/\/mitjavilaslowshop.com\/es\/wp-json\/wp\/v2\/product\/71192\/revisions\/78929"}],"wp:featuredmedia":[{"embeddable":true,"href":"https:\/\/mitjavilaslowshop.com\/es\/wp-json\/wp\/v2\/media\/71193"}],"wp:attachment":[{"href":"https:\/\/mitjavilaslowshop.com\/es\/wp-json\/wp\/v2\/media?parent=71192"}],"wp:term":[{"taxonomy":"product_brand","embeddable":true,"href":"https:\/\/mitjavilaslowshop.com\/es\/wp-json\/wp\/v2\/product_brand?post=71192"},{"taxonomy":"product_cat","embeddable":true,"href":"https:\/\/mitjavilaslowshop.com\/es\/wp-json\/wp\/v2\/product_cat?post=71192"},{"taxonomy":"product_tag","embeddable":true,"href":"https:\/\/mitjavilaslowshop.com\/es\/wp-json\/wp\/v2\/product_tag?post=71192"}],"curies":[{"name":"wp","href":"https:\/\/api.w.org\/{rel}","templated":true}]}}