{"id":71168,"date":"2026-01-04T18:26:45","date_gmt":"2026-01-04T18:26:45","guid":{"rendered":"https:\/\/mitjavilaslowshop.com\/producte\/la-imperfecta-eco-200ml-magrana\/"},"modified":"2026-03-17T13:47:54","modified_gmt":"2026-03-17T13:47:54","slug":"la-imperfecta-eco-200ml-con-fragancia-de-granada","status":"publish","type":"product","link":"https:\/\/mitjavilaslowshop.com\/es\/producte\/la-imperfecta-eco-200ml-con-fragancia-de-granada\/","title":{"rendered":"LA IMPERFECTA ECO 200ML CON FRAGANCIA DE GRANADA"},"content":{"rendered":"<p>Disfruta de La Imperfecta Eco Granada 200ml, un zumo 100% ecol\u00f3gico y natural hecho con granadas cuidadosamente seleccionadas. Sin az\u00facares a\u00f1adidos, colorantes ni conservantes, ofrece un sabor fresco, puro y mediterr\u00e1neo que refleja la autenticidad de la naturaleza en su estado m\u00e1s genuino.<\/p>\n","protected":false},"excerpt":{"rendered":"<p>Disfruta de La Imperfecta Eco Granada 200ml, un zumo 100% ecol\u00f3gico y natural hecho con granadas cuidadosamente seleccionadas. Sin az\u00facares a\u00f1adidos, colorantes ni conservantes, ofrece un sabor fresco, puro y mediterr\u00e1neo que refleja la autenticidad de la naturaleza en su estado m\u00e1s genuino.<\/p>\n","protected":false},"featured_media":71169,"comment_status":"open","ping_status":"closed","template":"","meta":{"_acf_changed":false,"_joinchat":[]},"product_brand":[],"product_cat":[269,267],"product_tag":[],"class_list":{"0":"post-71168","1":"product","2":"type-product","3":"status-publish","4":"has-post-thumbnail","6":"product_cat-bebidas","7":"product_cat-higiene","9":"first","10":"outofstock","11":"taxable","12":"shipping-taxable","13":"purchasable","14":"product-type-simple"},"acf":[],"_links":{"self":[{"href":"https:\/\/mitjavilaslowshop.com\/es\/wp-json\/wp\/v2\/product\/71168","targetHints":{"allow":["GET"]}}],"collection":[{"href":"https:\/\/mitjavilaslowshop.com\/es\/wp-json\/wp\/v2\/product"}],"about":[{"href":"https:\/\/mitjavilaslowshop.com\/es\/wp-json\/wp\/v2\/types\/product"}],"replies":[{"embeddable":true,"href":"https:\/\/mitjavilaslowshop.com\/es\/wp-json\/wp\/v2\/comments?post=71168"}],"version-history":[{"count":5,"href":"https:\/\/mitjavilaslowshop.com\/es\/wp-json\/wp\/v2\/product\/71168\/revisions"}],"predecessor-version":[{"id":78923,"href":"https:\/\/mitjavilaslowshop.com\/es\/wp-json\/wp\/v2\/product\/71168\/revisions\/78923"}],"wp:featuredmedia":[{"embeddable":true,"href":"https:\/\/mitjavilaslowshop.com\/es\/wp-json\/wp\/v2\/media\/71169"}],"wp:attachment":[{"href":"https:\/\/mitjavilaslowshop.com\/es\/wp-json\/wp\/v2\/media?parent=71168"}],"wp:term":[{"taxonomy":"product_brand","embeddable":true,"href":"https:\/\/mitjavilaslowshop.com\/es\/wp-json\/wp\/v2\/product_brand?post=71168"},{"taxonomy":"product_cat","embeddable":true,"href":"https:\/\/mitjavilaslowshop.com\/es\/wp-json\/wp\/v2\/product_cat?post=71168"},{"taxonomy":"product_tag","embeddable":true,"href":"https:\/\/mitjavilaslowshop.com\/es\/wp-json\/wp\/v2\/product_tag?post=71168"}],"curies":[{"name":"wp","href":"https:\/\/api.w.org\/{rel}","templated":true}]}}