{"id":71156,"date":"2026-01-04T18:26:46","date_gmt":"2026-01-04T18:26:46","guid":{"rendered":"https:\/\/mitjavilaslowshop.com\/producte\/crema-hidratant-dia-tb10\/"},"modified":"2026-03-17T13:47:51","modified_gmt":"2026-03-17T13:47:51","slug":"crema-hidratante-de-dia-tb10","status":"publish","type":"product","link":"https:\/\/mitjavilaslowshop.com\/es\/producte\/crema-hidratante-de-dia-tb10\/","title":{"rendered":"CREMA HIDRATANTE DE D\u00cdA TB10"},"content":{"rendered":"<p>Hidrataci\u00f3n, nutrici\u00f3n y protecci\u00f3n para todo tipo de piel.<br \/> La crema hidratante TB10 est\u00e1 formulada especialmente para pieles normales y secas, incluyendo las m\u00e1s sensibles o irritadas. Su combinaci\u00f3n de aloe vera, manteca de karit\u00e9, aceite de arg\u00e1n, aceite de s\u00e9samo y lavanda ofrece una hidrataci\u00f3n intensa, calma la piel y ayuda a prevenir arrugas y manchas solares.<br \/> Gracias a sus ingredientes naturales, nutre, regenera y protege la piel frente a los efectos del fr\u00edo, el viento y la exposici\u00f3n al sol, dejando el rostro suave, flexible y radiante. Perfecta para el uso diario y mantener la piel saludable y confortable.<\/p>\n<p> Apta para pieles sensibles, at\u00f3picas, ni\u00f1os y mujeres embarazadas.<br \/> Producto Cruelty Free \u2013 No testado en animales.<br \/> Modo de uso: aplicar cada ma\u00f1ana en rostro, cuello y escote con un masaje suave hasta su completa absorci\u00f3n. Puede usarse tambi\u00e9n en el contorno de los ojos.<br \/> 50 ml<br \/> Origen: Nacional<\/p>\n","protected":false},"excerpt":{"rendered":"<p>Hidrataci\u00f3n, nutrici\u00f3n y protecci\u00f3n para todo tipo de piel. La crema hidratante TB10 est\u00e1 formulada especialmente para pieles normales y secas, incluyendo las m\u00e1s sensibles o irritadas. Su combinaci\u00f3n de aloe vera, manteca de karit\u00e9, aceite de arg\u00e1n, aceite de s\u00e9samo y lavanda ofrece una hidrataci\u00f3n intensa, calma la piel y ayuda a prevenir arrugas y manchas solares. Gracias a sus ingredientes naturales, nutre, regenera y protege la piel frente a los efectos del fr\u00edo, el viento y la exposici\u00f3n al sol, dejando el rostro suave, flexible y radiante. Perfecta para el uso diario y mantener la piel saludable y confortable. Apta para pieles sensibles, at\u00f3picas, ni\u00f1os y mujeres embarazadas. Producto Cruelty Free \u2013 No testado en animales. Modo de uso: aplicar cada ma\u00f1ana en rostro, cuello y escote con un masaje suave hasta su completa absorci\u00f3n. Puede usarse tambi\u00e9n en el contorno de los ojos. 50 ml Origen: Nacional<\/p>\n","protected":false},"featured_media":71157,"comment_status":"open","ping_status":"closed","template":"","meta":{"_acf_changed":false,"_joinchat":[]},"product_brand":[],"product_cat":[267],"product_tag":[],"class_list":{"0":"post-71156","1":"product","2":"type-product","3":"status-publish","4":"has-post-thumbnail","6":"product_cat-higiene","8":"first","9":"instock","10":"taxable","11":"shipping-taxable","12":"purchasable","13":"product-type-simple"},"acf":[],"_links":{"self":[{"href":"https:\/\/mitjavilaslowshop.com\/es\/wp-json\/wp\/v2\/product\/71156","targetHints":{"allow":["GET"]}}],"collection":[{"href":"https:\/\/mitjavilaslowshop.com\/es\/wp-json\/wp\/v2\/product"}],"about":[{"href":"https:\/\/mitjavilaslowshop.com\/es\/wp-json\/wp\/v2\/types\/product"}],"replies":[{"embeddable":true,"href":"https:\/\/mitjavilaslowshop.com\/es\/wp-json\/wp\/v2\/comments?post=71156"}],"version-history":[{"count":5,"href":"https:\/\/mitjavilaslowshop.com\/es\/wp-json\/wp\/v2\/product\/71156\/revisions"}],"predecessor-version":[{"id":78918,"href":"https:\/\/mitjavilaslowshop.com\/es\/wp-json\/wp\/v2\/product\/71156\/revisions\/78918"}],"wp:featuredmedia":[{"embeddable":true,"href":"https:\/\/mitjavilaslowshop.com\/es\/wp-json\/wp\/v2\/media\/71157"}],"wp:attachment":[{"href":"https:\/\/mitjavilaslowshop.com\/es\/wp-json\/wp\/v2\/media?parent=71156"}],"wp:term":[{"taxonomy":"product_brand","embeddable":true,"href":"https:\/\/mitjavilaslowshop.com\/es\/wp-json\/wp\/v2\/product_brand?post=71156"},{"taxonomy":"product_cat","embeddable":true,"href":"https:\/\/mitjavilaslowshop.com\/es\/wp-json\/wp\/v2\/product_cat?post=71156"},{"taxonomy":"product_tag","embeddable":true,"href":"https:\/\/mitjavilaslowshop.com\/es\/wp-json\/wp\/v2\/product_tag?post=71156"}],"curies":[{"name":"wp","href":"https:\/\/api.w.org\/{rel}","templated":true}]}}