{"id":71152,"date":"2026-01-04T18:26:46","date_gmt":"2026-01-04T18:26:46","guid":{"rendered":"https:\/\/mitjavilaslowshop.com\/producte\/oli-de-rosa-mosqueta-tb11\/"},"modified":"2026-03-17T13:47:51","modified_gmt":"2026-03-17T13:47:51","slug":"aceite-de-rosa-mosqueta-tb11","status":"publish","type":"product","link":"https:\/\/mitjavilaslowshop.com\/es\/producte\/aceite-de-rosa-mosqueta-tb11\/","title":{"rendered":"ACEITE DE ROSA MOSQUETA TB11"},"content":{"rendered":"<p>Regenera, nutre y mejora la elasticidad de tu piel.<br \/> El Aceite de Rosa Mosqueta TB11 es un aceite vegetal puro obtenido por primera presi\u00f3n en fr\u00edo, rico en \u00e1cidos grasos Omega 3 y Omega 6. Su potente efecto regenerador ayuda a reducir cicatrices, arrugas, estr\u00edas y manchas, mientras nutre profundamente y mejora la elasticidad cut\u00e1nea.<br \/> Ideal para pieles secas o maduras, es especialmente recomendado para el cuidado de cicatrices postoperatorias una vez retirados los puntos. Su uso diario aporta suavidad, luminosidad y firmeza.<\/p>\n<p> Propiedades: antioxidante, nutritivo, no comedog\u00e9nico y fotosensible (se recomienda aplicar por la noche o en zonas no expuestas al sol).<br \/> Apto para embarazadas y ni\u00f1os.<br \/> Producto vegano y libre de crueldad animal.<br \/> Modo de uso: aplicar unas gotas en la zona deseada con un suave masaje hasta su completa absorci\u00f3n.<br \/> Contenido: 30 ml<br \/> Origen: Nacional<\/p>\n","protected":false},"excerpt":{"rendered":"<p>Regenera, nutre y mejora la elasticidad de tu piel. El Aceite de Rosa Mosqueta TB11 es un aceite vegetal puro obtenido por primera presi\u00f3n en fr\u00edo, rico en \u00e1cidos grasos Omega 3 y Omega 6. Su potente efecto regenerador ayuda a reducir cicatrices, arrugas, estr\u00edas y manchas, mientras nutre profundamente y mejora la elasticidad cut\u00e1nea. Ideal para pieles secas o maduras, es especialmente recomendado para el cuidado de cicatrices postoperatorias una vez retirados los puntos. Su uso diario aporta suavidad, luminosidad y firmeza. Propiedades: antioxidante, nutritivo, no comedog\u00e9nico y fotosensible (se recomienda aplicar por la noche o en zonas no expuestas al sol). Apto para embarazadas y ni\u00f1os. Producto vegano y libre de crueldad animal. Modo de uso: aplicar unas gotas en la zona deseada con un suave masaje hasta su completa absorci\u00f3n. Contenido: 30 ml Origen: Nacional<\/p>\n","protected":false},"featured_media":71153,"comment_status":"open","ping_status":"closed","template":"","meta":{"_acf_changed":false,"_joinchat":[]},"product_brand":[],"product_cat":[267],"product_tag":[],"class_list":{"0":"post-71152","1":"product","2":"type-product","3":"status-publish","4":"has-post-thumbnail","6":"product_cat-higiene","8":"first","9":"instock","10":"taxable","11":"shipping-taxable","12":"purchasable","13":"product-type-simple"},"acf":[],"_links":{"self":[{"href":"https:\/\/mitjavilaslowshop.com\/es\/wp-json\/wp\/v2\/product\/71152","targetHints":{"allow":["GET"]}}],"collection":[{"href":"https:\/\/mitjavilaslowshop.com\/es\/wp-json\/wp\/v2\/product"}],"about":[{"href":"https:\/\/mitjavilaslowshop.com\/es\/wp-json\/wp\/v2\/types\/product"}],"replies":[{"embeddable":true,"href":"https:\/\/mitjavilaslowshop.com\/es\/wp-json\/wp\/v2\/comments?post=71152"}],"version-history":[{"count":4,"href":"https:\/\/mitjavilaslowshop.com\/es\/wp-json\/wp\/v2\/product\/71152\/revisions"}],"predecessor-version":[{"id":78917,"href":"https:\/\/mitjavilaslowshop.com\/es\/wp-json\/wp\/v2\/product\/71152\/revisions\/78917"}],"wp:featuredmedia":[{"embeddable":true,"href":"https:\/\/mitjavilaslowshop.com\/es\/wp-json\/wp\/v2\/media\/71153"}],"wp:attachment":[{"href":"https:\/\/mitjavilaslowshop.com\/es\/wp-json\/wp\/v2\/media?parent=71152"}],"wp:term":[{"taxonomy":"product_brand","embeddable":true,"href":"https:\/\/mitjavilaslowshop.com\/es\/wp-json\/wp\/v2\/product_brand?post=71152"},{"taxonomy":"product_cat","embeddable":true,"href":"https:\/\/mitjavilaslowshop.com\/es\/wp-json\/wp\/v2\/product_cat?post=71152"},{"taxonomy":"product_tag","embeddable":true,"href":"https:\/\/mitjavilaslowshop.com\/es\/wp-json\/wp\/v2\/product_tag?post=71152"}],"curies":[{"name":"wp","href":"https:\/\/api.w.org\/{rel}","templated":true}]}}