{"id":71144,"date":"2026-01-04T18:26:47","date_gmt":"2026-01-04T18:26:47","guid":{"rendered":"https:\/\/mitjavilaslowshop.com\/producte\/purifica-nodreix-tb20\/"},"modified":"2026-04-07T02:00:51","modified_gmt":"2026-04-07T02:00:51","slug":"purifica-nodreix-tb20","status":"publish","type":"product","link":"https:\/\/mitjavilaslowshop.com\/es\/producte\/purifica-nodreix-tb20\/","title":{"rendered":"PURIFICA &amp; NODREIX TB20"},"content":{"rendered":"<p>Neteja profunda i nutrici\u00f3 natural.<br \/>\nLa TB20 Purifica &#038; Nutre combina argila verda (80%) i espirulina (20%) per oferir una neteja profunda i una cura nutritiva de la pell. Aquesta uni\u00f3 ajuda a eliminar impureses, equilibrar el s\u00e8u i revitalitzar el cutis, deixant una sensaci\u00f3 de frescor i confort.<br \/>\nEs pot utilitzar com a netejadora di\u00e0ria, o com a m\u00e0scara purificant. Ideal per a cutis mixts, grassos o amb tend\u00e8ncia a imperfeccions.<br \/>\n\ud83c\udf3f Beneficis: purifica, detoxifica, nodreix i revitalitza.<br \/>\n\u2728 Aporta frescor i suavitat, deixant la pell lluminosa i equilibrada.<br \/>\n\u00das: Com a netejadora: barrejar 1 culleradeta amb oli o crema i aplicar amb massatge suau, mat\u00ed i\/o nit, esbandint despr\u00e9s.<br \/>\nCom a mascareta: barrejar 3 culleradetes amb oli o crema, aplicar sobre el rostre, deixar actuar 5-10 minuts i esbandir.<br \/>\nContingut: 40 gm (1,35 oz).<br \/>\nIngredients: Argila verda 80%, Espirulina 20%.<br \/>\n\u00das extern.<br \/>\nOrigen: Nacional<\/p>\n","protected":false},"excerpt":{"rendered":"<p>Neteja profunda i nutrici\u00f3 natural.<br \/>\nLa TB20 Purifica &amp; Nutre combina argila verda (80%) i espirulina (20%) per oferir una neteja profunda i una cura nutritiva de la pell. Aquesta uni\u00f3 ajuda a eliminar impureses, equilibrar el s\u00e8u i revitalitzar el cutis, deixant una sensaci\u00f3 de frescor i confort.<br \/>\nEs pot utilitzar com a netejadora di\u00e0ria, o com a m\u00e0scara purificant. Ideal per a cutis mixts, grassos o amb tend\u00e8ncia a imperfeccions.<br \/>\n\ud83c\udf3f Beneficis: purifica, detoxifica, nodreix i revitalitza.<br \/>\n\u2728 Aporta frescor i suavitat, deixant la pell lluminosa i equilibrada.<br \/>\n\u00das: Com a netejadora: barrejar 1 culleradeta amb oli o crema i aplicar amb massatge suau, mat\u00ed i\/o nit, esbandint despr\u00e9s.<br \/>\nCom a mascareta: barrejar 3 culleradetes amb oli o crema, aplicar sobre el rostre, deixar actuar 5-10 minuts i esbandir.<br \/>\nContingut: 40 gm (1,35 oz).<br \/>\nIngredients: Argila verda 80%, Espirulina 20%.<br \/>\n\u00das extern.<br \/>\nOrigen: Nacional<\/p>\n","protected":false},"featured_media":71145,"comment_status":"open","ping_status":"closed","template":"","meta":{"_acf_changed":false,"_joinchat":[]},"product_brand":[],"product_cat":[267],"product_tag":[],"class_list":{"0":"post-71144","1":"product","2":"type-product","3":"status-publish","4":"has-post-thumbnail","6":"product_cat-higiene","8":"first","9":"instock","10":"taxable","11":"shipping-taxable","12":"purchasable","13":"product-type-simple"},"acf":[],"_links":{"self":[{"href":"https:\/\/mitjavilaslowshop.com\/es\/wp-json\/wp\/v2\/product\/71144","targetHints":{"allow":["GET"]}}],"collection":[{"href":"https:\/\/mitjavilaslowshop.com\/es\/wp-json\/wp\/v2\/product"}],"about":[{"href":"https:\/\/mitjavilaslowshop.com\/es\/wp-json\/wp\/v2\/types\/product"}],"replies":[{"embeddable":true,"href":"https:\/\/mitjavilaslowshop.com\/es\/wp-json\/wp\/v2\/comments?post=71144"}],"version-history":[{"count":7,"href":"https:\/\/mitjavilaslowshop.com\/es\/wp-json\/wp\/v2\/product\/71144\/revisions"}],"predecessor-version":[{"id":89683,"href":"https:\/\/mitjavilaslowshop.com\/es\/wp-json\/wp\/v2\/product\/71144\/revisions\/89683"}],"wp:featuredmedia":[{"embeddable":true,"href":"https:\/\/mitjavilaslowshop.com\/es\/wp-json\/wp\/v2\/media\/71145"}],"wp:attachment":[{"href":"https:\/\/mitjavilaslowshop.com\/es\/wp-json\/wp\/v2\/media?parent=71144"}],"wp:term":[{"taxonomy":"product_brand","embeddable":true,"href":"https:\/\/mitjavilaslowshop.com\/es\/wp-json\/wp\/v2\/product_brand?post=71144"},{"taxonomy":"product_cat","embeddable":true,"href":"https:\/\/mitjavilaslowshop.com\/es\/wp-json\/wp\/v2\/product_cat?post=71144"},{"taxonomy":"product_tag","embeddable":true,"href":"https:\/\/mitjavilaslowshop.com\/es\/wp-json\/wp\/v2\/product_tag?post=71144"}],"curies":[{"name":"wp","href":"https:\/\/api.w.org\/{rel}","templated":true}]}}