{"id":33160,"date":"2023-10-10T21:11:26","date_gmt":"2023-10-10T21:11:26","guid":{"rendered":"https:\/\/mitjavilaslowshop.com\/sostenibilitat\/"},"modified":"2026-01-15T18:25:23","modified_gmt":"2026-01-15T18:25:23","slug":"sostenibilidad","status":"publish","type":"page","link":"https:\/\/mitjavilaslowshop.com\/es\/sostenibilidad\/","title":{"rendered":"Sostenibilidad"},"content":{"rendered":"\t\t<div data-elementor-type=\"wp-page\" data-elementor-id=\"33160\" class=\"elementor elementor-33160 elementor-2661\">\n\t\t\t\t\t\t<section class=\"elementor-section elementor-top-section elementor-element elementor-element-893c472 elementor-section-full_width elementor-section-height-default elementor-section-height-default wpr-particle-no wpr-jarallax-no wpr-parallax-no wpr-sticky-section-no wpr-equal-height-no\" data-id=\"893c472\" data-element_type=\"section\" data-e-type=\"section\" data-settings=\"{&quot;background_background&quot;:&quot;classic&quot;}\">\n\t\t\t\t\t\t<div class=\"elementor-container elementor-column-gap-default\">\n\t\t\t\t\t<div class=\"elementor-column elementor-col-100 elementor-top-column elementor-element elementor-element-a943570\" data-id=\"a943570\" data-element_type=\"column\" data-e-type=\"column\" data-settings=\"{&quot;background_background&quot;:&quot;classic&quot;}\">\n\t\t\t<div class=\"elementor-widget-wrap elementor-element-populated\">\n\t\t\t\t\t<div class=\"elementor-background-overlay\"><\/div>\n\t\t\t\t\t\t<div class=\"elementor-element elementor-element-cf01751 elementor-widget elementor-widget-spacer\" data-id=\"cf01751\" data-element_type=\"widget\" data-e-type=\"widget\" data-widget_type=\"spacer.default\">\n\t\t\t\t<div class=\"elementor-widget-container\">\n\t\t\t\t\t\t\t<div class=\"elementor-spacer\">\n\t\t\t<div class=\"elementor-spacer-inner\"><\/div>\n\t\t<\/div>\n\t\t\t\t\t\t<\/div>\n\t\t\t\t<\/div>\n\t\t\t\t<div class=\"elementor-element elementor-element-4ecc926 elementor-widget elementor-widget-heading\" data-id=\"4ecc926\" data-element_type=\"widget\" data-e-type=\"widget\" data-widget_type=\"heading.default\">\n\t\t\t\t<div class=\"elementor-widget-container\">\n\t\t\t\t\t<h1 class=\"elementor-heading-title elementor-size-default\">Sostenibilidad<\/h1>\t\t\t\t<\/div>\n\t\t\t\t<\/div>\n\t\t\t\t<div class=\"elementor-element elementor-element-ed27f71 elementor-widget elementor-widget-spacer\" data-id=\"ed27f71\" data-element_type=\"widget\" data-e-type=\"widget\" data-widget_type=\"spacer.default\">\n\t\t\t\t<div class=\"elementor-widget-container\">\n\t\t\t\t\t\t\t<div class=\"elementor-spacer\">\n\t\t\t<div class=\"elementor-spacer-inner\"><\/div>\n\t\t<\/div>\n\t\t\t\t\t\t<\/div>\n\t\t\t\t<\/div>\n\t\t\t\t\t<\/div>\n\t\t<\/div>\n\t\t\t\t\t<\/div>\n\t\t<\/section>\n\t\t\t\t<section class=\"elementor-section elementor-top-section elementor-element elementor-element-67e7554 elementor-section-boxed elementor-section-height-default elementor-section-height-default wpr-particle-no wpr-jarallax-no wpr-parallax-no wpr-sticky-section-no wpr-equal-height-no\" data-id=\"67e7554\" data-element_type=\"section\" data-e-type=\"section\">\n\t\t\t\t\t\t<div class=\"elementor-container elementor-column-gap-default\">\n\t\t\t\t\t<div class=\"elementor-column elementor-col-50 elementor-top-column elementor-element elementor-element-cd8caa1\" data-id=\"cd8caa1\" data-element_type=\"column\" data-e-type=\"column\">\n\t\t\t<div class=\"elementor-widget-wrap elementor-element-populated\">\n\t\t\t\t\t\t<div class=\"elementor-element elementor-element-91febe7 elementor-widget elementor-widget-heading\" data-id=\"91febe7\" data-element_type=\"widget\" data-e-type=\"widget\" data-widget_type=\"heading.default\">\n\t\t\t\t<div class=\"elementor-widget-container\">\n\t\t\t\t\t<h2 class=\"elementor-heading-title elementor-size-default\">En Mitjavila Slow Shop tenemos <br>compromiso con la sostenibilidad<\/h2>\t\t\t\t<\/div>\n\t\t\t\t<\/div>\n\t\t\t\t<div class=\"elementor-element elementor-element-6dd003c elementor-widget elementor-widget-text-editor\" data-id=\"6dd003c\" data-element_type=\"widget\" data-e-type=\"widget\" data-widget_type=\"text-editor.default\">\n\t\t\t\t<div class=\"elementor-widget-container\">\n\t\t\t\t\t\t\t\t\t<p>Bienvenidos a nuestra tienda de productos a granel y de proximidad, un espacio dedicado a la sostenibilidad y al respeto por el medio ambiente. Nuestra pasi\u00f3n es ofreceros opciones de compra que no solo sean m\u00e1s saludables, sino tambi\u00e9n respetuosas con la tierra que compartimos.<\/p><p>Colaboramos estrechamente con agricultores y productores locales, promoviendo una econom\u00eda m\u00e1s justa y reduciendo la huella ecol\u00f3gica asociada al transporte de mercanc\u00edas. Adem\u00e1s, optar por productos a granel es una forma de minimizar envases y residuos, una elecci\u00f3n consciente para preservar nuestro planeta para las futuras generaciones. Nos sentimos orgullosos de formar parte de este movimiento hacia un mundo m\u00e1s sostenible y queremos agradeceros que os un\u00e1is a nosotros en esta misi\u00f3n.<\/p>\t\t\t\t\t\t\t\t<\/div>\n\t\t\t\t<\/div>\n\t\t\t\t\t<\/div>\n\t\t<\/div>\n\t\t\t\t<div class=\"elementor-column elementor-col-50 elementor-top-column elementor-element elementor-element-4c529be\" data-id=\"4c529be\" data-element_type=\"column\" data-e-type=\"column\">\n\t\t\t<div class=\"elementor-widget-wrap elementor-element-populated\">\n\t\t\t\t\t\t<div class=\"elementor-element elementor-element-e1b9684 elementor-widget elementor-widget-image\" data-id=\"e1b9684\" data-element_type=\"widget\" data-e-type=\"widget\" data-widget_type=\"image.default\">\n\t\t\t\t<div class=\"elementor-widget-container\">\n\t\t\t\t\t\t\t\t\t\t\t\t\t\t\t<img fetchpriority=\"high\" decoding=\"async\" width=\"960\" height=\"640\" src=\"https:\/\/mitjavilaslowshop.com\/wp-content\/uploads\/2024\/12\/MjvlaSlowShopGeneralsweb72ppi-16-1024x683.jpg\" class=\"attachment-large size-large wp-image-78503\" alt=\"MitjavilaSlowShop\" srcset=\"https:\/\/mitjavilaslowshop.com\/wp-content\/uploads\/2024\/12\/MjvlaSlowShopGeneralsweb72ppi-16-1024x683.jpg 1024w, https:\/\/mitjavilaslowshop.com\/wp-content\/uploads\/2024\/12\/MjvlaSlowShopGeneralsweb72ppi-16-300x200.jpg 300w, https:\/\/mitjavilaslowshop.com\/wp-content\/uploads\/2024\/12\/MjvlaSlowShopGeneralsweb72ppi-16-768x512.jpg 768w, https:\/\/mitjavilaslowshop.com\/wp-content\/uploads\/2024\/12\/MjvlaSlowShopGeneralsweb72ppi-16-1536x1024.jpg 1536w, https:\/\/mitjavilaslowshop.com\/wp-content\/uploads\/2024\/12\/MjvlaSlowShopGeneralsweb72ppi-16-2048x1366.jpg 2048w, https:\/\/mitjavilaslowshop.com\/wp-content\/uploads\/2024\/12\/MjvlaSlowShopGeneralsweb72ppi-16-600x400.jpg 600w\" sizes=\"(max-width: 960px) 100vw, 960px\" \/>\t\t\t\t\t\t\t\t\t\t\t\t\t\t\t<\/div>\n\t\t\t\t<\/div>\n\t\t\t\t\t<\/div>\n\t\t<\/div>\n\t\t\t\t\t<\/div>\n\t\t<\/section>\n\t\t\t\t<section class=\"elementor-section elementor-top-section elementor-element elementor-element-38aa003 elementor-reverse-tablet elementor-reverse-mobile elementor-section-boxed elementor-section-height-default elementor-section-height-default wpr-particle-no wpr-jarallax-no wpr-parallax-no wpr-sticky-section-no wpr-equal-height-no\" data-id=\"38aa003\" data-element_type=\"section\" data-e-type=\"section\">\n\t\t\t\t\t\t<div class=\"elementor-container elementor-column-gap-default\">\n\t\t\t\t\t<div class=\"elementor-column elementor-col-50 elementor-top-column elementor-element elementor-element-cf1f1be\" data-id=\"cf1f1be\" data-element_type=\"column\" data-e-type=\"column\">\n\t\t\t<div class=\"elementor-widget-wrap elementor-element-populated\">\n\t\t\t\t\t\t<div class=\"elementor-element elementor-element-e58ad07 elementor-widget elementor-widget-image\" data-id=\"e58ad07\" data-element_type=\"widget\" data-e-type=\"widget\" data-widget_type=\"image.default\">\n\t\t\t\t<div class=\"elementor-widget-container\">\n\t\t\t\t\t\t\t\t\t\t\t\t\t\t\t<img decoding=\"async\" width=\"683\" height=\"1024\" src=\"https:\/\/mitjavilaslowshop.com\/wp-content\/uploads\/2024\/12\/MjvlaSlowShopGeneralsweb72ppi-27-683x1024.jpg\" class=\"attachment-large size-large wp-image-78504\" alt=\"MitjavilaSlowShop\" srcset=\"https:\/\/mitjavilaslowshop.com\/wp-content\/uploads\/2024\/12\/MjvlaSlowShopGeneralsweb72ppi-27-683x1024.jpg 683w, https:\/\/mitjavilaslowshop.com\/wp-content\/uploads\/2024\/12\/MjvlaSlowShopGeneralsweb72ppi-27-200x300.jpg 200w, https:\/\/mitjavilaslowshop.com\/wp-content\/uploads\/2024\/12\/MjvlaSlowShopGeneralsweb72ppi-27-768x1151.jpg 768w, https:\/\/mitjavilaslowshop.com\/wp-content\/uploads\/2024\/12\/MjvlaSlowShopGeneralsweb72ppi-27-1025x1536.jpg 1025w, https:\/\/mitjavilaslowshop.com\/wp-content\/uploads\/2024\/12\/MjvlaSlowShopGeneralsweb72ppi-27-600x900.jpg 600w, https:\/\/mitjavilaslowshop.com\/wp-content\/uploads\/2024\/12\/MjvlaSlowShopGeneralsweb72ppi-27.jpg 1364w\" sizes=\"(max-width: 683px) 100vw, 683px\" \/>\t\t\t\t\t\t\t\t\t\t\t\t\t\t\t<\/div>\n\t\t\t\t<\/div>\n\t\t\t\t\t<\/div>\n\t\t<\/div>\n\t\t\t\t<div class=\"elementor-column elementor-col-50 elementor-top-column elementor-element elementor-element-bb7722a\" data-id=\"bb7722a\" data-element_type=\"column\" data-e-type=\"column\">\n\t\t\t<div class=\"elementor-widget-wrap elementor-element-populated\">\n\t\t\t\t\t\t<div class=\"elementor-element elementor-element-2c10115 elementor-widget elementor-widget-heading\" data-id=\"2c10115\" data-element_type=\"widget\" data-e-type=\"widget\" data-widget_type=\"heading.default\">\n\t\t\t\t<div class=\"elementor-widget-container\">\n\t\t\t\t\t<h2 class=\"elementor-heading-title elementor-size-default\">La importancia de los <br>productos de proximidad<\/h2>\t\t\t\t<\/div>\n\t\t\t\t<\/div>\n\t\t\t\t<div class=\"elementor-element elementor-element-107c310 elementor-widget elementor-widget-text-editor\" data-id=\"107c310\" data-element_type=\"widget\" data-e-type=\"widget\" data-widget_type=\"text-editor.default\">\n\t\t\t\t<div class=\"elementor-widget-container\">\n\t\t\t\t\t\t\t\t\t<p>En nuestra tienda defendemos con pasi\u00f3n el uso de productos de proximidad y queremos explicaros por qu\u00e9 esta elecci\u00f3n es fundamental. Al comprar productos locales, contribuimos al crecimiento de nuestra comunidad y a la preservaci\u00f3n de nuestra cultura y tradiciones. Adem\u00e1s, los productos de proximidad suelen ser m\u00e1s frescos y de mayor calidad, ya que no necesitan recorrer largas distancias para llegar a nuestras manos. Esto se traduce en menos emisiones de carbono y una menor huella ecol\u00f3gica. Tambi\u00e9n estamos apoyando a peque\u00f1os agricultores y artesanos que trabajan con dedicaci\u00f3n para ofrecernos los mejores productos posibles.<\/p><p>Cuando elegimos productos de proximidad, tomamos decisiones que benefician nuestra salud, nuestra econom\u00eda local y el planeta. Cada compra es una oportunidad para influir positivamente en el mundo que nos rodea. Gracias por elegir comprar de forma consciente y por hacer del consumo de proximidad una parte importante de vuestras vidas. Juntos podemos marcar una diferencia significativa para el futuro de nuestra comunidad y de nuestro planeta.<\/p>\t\t\t\t\t\t\t\t<\/div>\n\t\t\t\t<\/div>\n\t\t\t\t\t<\/div>\n\t\t<\/div>\n\t\t\t\t\t<\/div>\n\t\t<\/section>\n\t\t\t\t<\/div>\n\t\t","protected":false},"excerpt":{"rendered":"<p>Sostenibilidad En Mitjavila Slow Shop tenemos compromiso con la sostenibilidad Bienvenidos a nuestra tienda de productos a granel y de proximidad, un espacio dedicado a la sostenibilidad y al respeto por el medio ambiente. Nuestra pasi\u00f3n es ofreceros opciones de compra que no solo sean m\u00e1s saludables, sino tambi\u00e9n respetuosas con la tierra que compartimos. Colaboramos estrechamente con agricultores y productores locales, promoviendo una econom\u00eda m\u00e1s justa y reduciendo la huella ecol\u00f3gica asociada al transporte de mercanc\u00edas. Adem\u00e1s, optar por productos a granel es una forma de minimizar envases y residuos, una elecci\u00f3n consciente para preservar nuestro planeta para las futuras generaciones. Nos sentimos orgullosos de formar parte de este movimiento hacia un mundo m\u00e1s sostenible y queremos agradeceros que os un\u00e1is a nosotros en esta misi\u00f3n. La importancia de los productos de proximidad En nuestra tienda defendemos con pasi\u00f3n el uso de productos de proximidad y queremos explicaros por qu\u00e9 esta elecci\u00f3n es fundamental. Al comprar productos locales, contribuimos al crecimiento de nuestra comunidad y a la preservaci\u00f3n de nuestra cultura y tradiciones. Adem\u00e1s, los productos de proximidad suelen ser m\u00e1s frescos y de mayor calidad, ya que no necesitan recorrer largas distancias para llegar a nuestras manos. Esto se traduce en menos emisiones de carbono y una menor huella ecol\u00f3gica. Tambi\u00e9n estamos apoyando a peque\u00f1os agricultores y artesanos que trabajan con dedicaci\u00f3n para ofrecernos los mejores productos posibles. Cuando elegimos productos de proximidad, tomamos decisiones que benefician nuestra salud, nuestra econom\u00eda local y el planeta. Cada compra es una oportunidad para influir positivamente en el mundo que nos rodea. Gracias por elegir comprar de forma consciente y por hacer del consumo de proximidad una parte importante de vuestras vidas. Juntos podemos marcar una diferencia significativa para el futuro de nuestra comunidad y de nuestro planeta.<\/p>\n","protected":false},"author":1,"featured_media":33161,"parent":0,"menu_order":0,"comment_status":"closed","ping_status":"closed","template":"elementor_canvas","meta":{"_acf_changed":false,"_joinchat":[],"footnotes":""},"class_list":["post-33160","page","type-page","status-publish","has-post-thumbnail","hentry"],"acf":[],"_links":{"self":[{"href":"https:\/\/mitjavilaslowshop.com\/es\/wp-json\/wp\/v2\/pages\/33160","targetHints":{"allow":["GET"]}}],"collection":[{"href":"https:\/\/mitjavilaslowshop.com\/es\/wp-json\/wp\/v2\/pages"}],"about":[{"href":"https:\/\/mitjavilaslowshop.com\/es\/wp-json\/wp\/v2\/types\/page"}],"author":[{"embeddable":true,"href":"https:\/\/mitjavilaslowshop.com\/es\/wp-json\/wp\/v2\/users\/1"}],"replies":[{"embeddable":true,"href":"https:\/\/mitjavilaslowshop.com\/es\/wp-json\/wp\/v2\/comments?post=33160"}],"version-history":[{"count":14,"href":"https:\/\/mitjavilaslowshop.com\/es\/wp-json\/wp\/v2\/pages\/33160\/revisions"}],"predecessor-version":[{"id":78511,"href":"https:\/\/mitjavilaslowshop.com\/es\/wp-json\/wp\/v2\/pages\/33160\/revisions\/78511"}],"wp:featuredmedia":[{"embeddable":true,"href":"https:\/\/mitjavilaslowshop.com\/es\/wp-json\/wp\/v2\/media\/33161"}],"wp:attachment":[{"href":"https:\/\/mitjavilaslowshop.com\/es\/wp-json\/wp\/v2\/media?parent=33160"}],"curies":[{"name":"wp","href":"https:\/\/api.w.org\/{rel}","templated":true}]}}