{"id":33155,"date":"2023-10-12T12:04:19","date_gmt":"2023-10-12T12:04:19","guid":{"rendered":"https:\/\/mitjavilaslowshop.com\/qui-som\/"},"modified":"2026-01-15T18:30:23","modified_gmt":"2026-01-15T18:30:23","slug":"quienes-somos","status":"publish","type":"page","link":"https:\/\/mitjavilaslowshop.com\/es\/quienes-somos\/","title":{"rendered":"Qui\u00e9nes somos"},"content":{"rendered":"\t\t<div data-elementor-type=\"wp-page\" data-elementor-id=\"33155\" class=\"elementor elementor-33155 elementor-2782\">\n\t\t\t\t\t\t<section class=\"elementor-section elementor-top-section elementor-element elementor-element-893c472 elementor-section-full_width elementor-section-height-default elementor-section-height-default wpr-particle-no wpr-jarallax-no wpr-parallax-no wpr-sticky-section-no wpr-equal-height-no\" data-id=\"893c472\" data-element_type=\"section\" data-e-type=\"section\" data-settings=\"{&quot;background_background&quot;:&quot;classic&quot;}\">\n\t\t\t\t\t\t<div class=\"elementor-container elementor-column-gap-default\">\n\t\t\t\t\t<div class=\"elementor-column elementor-col-100 elementor-top-column elementor-element elementor-element-a943570\" data-id=\"a943570\" data-element_type=\"column\" data-e-type=\"column\" data-settings=\"{&quot;background_background&quot;:&quot;classic&quot;}\">\n\t\t\t<div class=\"elementor-widget-wrap elementor-element-populated\">\n\t\t\t\t\t<div class=\"elementor-background-overlay\"><\/div>\n\t\t\t\t\t\t<div class=\"elementor-element elementor-element-cf01751 elementor-widget elementor-widget-spacer\" data-id=\"cf01751\" data-element_type=\"widget\" data-e-type=\"widget\" data-widget_type=\"spacer.default\">\n\t\t\t\t<div class=\"elementor-widget-container\">\n\t\t\t\t\t\t\t<div class=\"elementor-spacer\">\n\t\t\t<div class=\"elementor-spacer-inner\"><\/div>\n\t\t<\/div>\n\t\t\t\t\t\t<\/div>\n\t\t\t\t<\/div>\n\t\t\t\t<div class=\"elementor-element elementor-element-4ecc926 elementor-widget elementor-widget-heading\" data-id=\"4ecc926\" data-element_type=\"widget\" data-e-type=\"widget\" data-widget_type=\"heading.default\">\n\t\t\t\t<div class=\"elementor-widget-container\">\n\t\t\t\t\t<h1 class=\"elementor-heading-title elementor-size-default\">Sobre nosotros<\/h1>\t\t\t\t<\/div>\n\t\t\t\t<\/div>\n\t\t\t\t<div class=\"elementor-element elementor-element-ed27f71 elementor-widget elementor-widget-spacer\" data-id=\"ed27f71\" data-element_type=\"widget\" data-e-type=\"widget\" data-widget_type=\"spacer.default\">\n\t\t\t\t<div class=\"elementor-widget-container\">\n\t\t\t\t\t\t\t<div class=\"elementor-spacer\">\n\t\t\t<div class=\"elementor-spacer-inner\"><\/div>\n\t\t<\/div>\n\t\t\t\t\t\t<\/div>\n\t\t\t\t<\/div>\n\t\t\t\t\t<\/div>\n\t\t<\/div>\n\t\t\t\t\t<\/div>\n\t\t<\/section>\n\t\t\t\t<section class=\"elementor-section elementor-top-section elementor-element elementor-element-38aa003 elementor-reverse-tablet elementor-reverse-mobile elementor-section-boxed elementor-section-height-default elementor-section-height-default wpr-particle-no wpr-jarallax-no wpr-parallax-no wpr-sticky-section-no wpr-equal-height-no\" data-id=\"38aa003\" data-element_type=\"section\" data-e-type=\"section\">\n\t\t\t\t\t\t<div class=\"elementor-container elementor-column-gap-default\">\n\t\t\t\t\t<div class=\"elementor-column elementor-col-50 elementor-top-column elementor-element elementor-element-cf1f1be\" data-id=\"cf1f1be\" data-element_type=\"column\" data-e-type=\"column\">\n\t\t\t<div class=\"elementor-widget-wrap elementor-element-populated\">\n\t\t\t\t\t\t<div class=\"elementor-element elementor-element-e58ad07 elementor-widget elementor-widget-image\" data-id=\"e58ad07\" data-element_type=\"widget\" data-e-type=\"widget\" data-widget_type=\"image.default\">\n\t\t\t\t<div class=\"elementor-widget-container\">\n\t\t\t\t\t\t\t\t\t\t\t\t\t\t\t<img fetchpriority=\"high\" decoding=\"async\" width=\"960\" height=\"640\" src=\"https:\/\/mitjavilaslowshop.com\/wp-content\/uploads\/2024\/12\/MjvlaSlowShopGeneralsweb72ppi-1-1024x683.jpg\" class=\"attachment-large size-large wp-image-78523\" alt=\"MitjavilaSlowShop\" srcset=\"https:\/\/mitjavilaslowshop.com\/wp-content\/uploads\/2024\/12\/MjvlaSlowShopGeneralsweb72ppi-1-1024x683.jpg 1024w, https:\/\/mitjavilaslowshop.com\/wp-content\/uploads\/2024\/12\/MjvlaSlowShopGeneralsweb72ppi-1-300x200.jpg 300w, https:\/\/mitjavilaslowshop.com\/wp-content\/uploads\/2024\/12\/MjvlaSlowShopGeneralsweb72ppi-1-768x512.jpg 768w, https:\/\/mitjavilaslowshop.com\/wp-content\/uploads\/2024\/12\/MjvlaSlowShopGeneralsweb72ppi-1-1536x1024.jpg 1536w, https:\/\/mitjavilaslowshop.com\/wp-content\/uploads\/2024\/12\/MjvlaSlowShopGeneralsweb72ppi-1-600x400.jpg 600w, https:\/\/mitjavilaslowshop.com\/wp-content\/uploads\/2024\/12\/MjvlaSlowShopGeneralsweb72ppi-1.jpg 2025w\" sizes=\"(max-width: 960px) 100vw, 960px\" \/>\t\t\t\t\t\t\t\t\t\t\t\t\t\t\t<\/div>\n\t\t\t\t<\/div>\n\t\t\t\t\t<\/div>\n\t\t<\/div>\n\t\t\t\t<div class=\"elementor-column elementor-col-50 elementor-top-column elementor-element elementor-element-bb7722a\" data-id=\"bb7722a\" data-element_type=\"column\" data-e-type=\"column\">\n\t\t\t<div class=\"elementor-widget-wrap elementor-element-populated\">\n\t\t\t\t\t\t<div class=\"elementor-element elementor-element-2c10115 elementor-widget elementor-widget-heading\" data-id=\"2c10115\" data-element_type=\"widget\" data-e-type=\"widget\" data-widget_type=\"heading.default\">\n\t\t\t\t<div class=\"elementor-widget-container\">\n\t\t\t\t\t<h2 class=\"elementor-heading-title elementor-size-default\">MitjaVila Slow Shop<\/h2>\t\t\t\t<\/div>\n\t\t\t\t<\/div>\n\t\t\t\t<div class=\"elementor-element elementor-element-107c310 elementor-widget elementor-widget-text-editor\" data-id=\"107c310\" data-element_type=\"widget\" data-e-type=\"widget\" data-widget_type=\"text-editor.default\">\n\t\t\t\t<div class=\"elementor-widget-container\">\n\t\t\t\t\t\t\t\t\t<p><strong>Mitjavila Slow Shop<\/strong> es una empresa familiar con la misi\u00f3n de fomentar la compra responsable, la reducci\u00f3n de residuos y el consumo sostenible a trav\u00e9s de la venta de alimentos, productos de cosm\u00e9tica y productos de limpieza a granel, ecol\u00f3gicos y de proximidad.<\/p><p>La venta de productos a granel permite a los consumidores adquirir \u00fanicamente la cantidad que realmente necesitan. Esta flexibilidad en el proceso de compra garantiza productos de mayor calidad a precios m\u00e1s competitivos. Adem\u00e1s, esta pr\u00e1ctica promueve el respeto y la conciencia medioambiental mediante una pol\u00edtica de gesti\u00f3n de envases basada en el uso de envases reutilizables y biodegradables, con el objetivo de reducir el consumo de pl\u00e1stico.<\/p>\t\t\t\t\t\t\t\t<\/div>\n\t\t\t\t<\/div>\n\t\t\t\t\t<\/div>\n\t\t<\/div>\n\t\t\t\t\t<\/div>\n\t\t<\/section>\n\t\t\t\t<section class=\"elementor-section elementor-top-section elementor-element elementor-element-8484a26 elementor-section-boxed elementor-section-height-default elementor-section-height-default wpr-particle-no wpr-jarallax-no wpr-parallax-no wpr-sticky-section-no wpr-equal-height-no\" data-id=\"8484a26\" data-element_type=\"section\" data-e-type=\"section\">\n\t\t\t\t\t\t<div class=\"elementor-container elementor-column-gap-default\">\n\t\t\t\t\t<div class=\"elementor-column elementor-col-50 elementor-top-column elementor-element elementor-element-ac7891e\" data-id=\"ac7891e\" data-element_type=\"column\" data-e-type=\"column\">\n\t\t\t<div class=\"elementor-widget-wrap elementor-element-populated\">\n\t\t\t\t\t\t<div class=\"elementor-element elementor-element-2d1b940 elementor-widget elementor-widget-heading\" data-id=\"2d1b940\" data-element_type=\"widget\" data-e-type=\"widget\" data-widget_type=\"heading.default\">\n\t\t\t\t<div class=\"elementor-widget-container\">\n\t\t\t\t\t<h2 class=\"elementor-heading-title elementor-size-default\">Nuestra misi\u00f3n<\/h2>\t\t\t\t<\/div>\n\t\t\t\t<\/div>\n\t\t\t\t<div class=\"elementor-element elementor-element-80f2260 elementor-widget elementor-widget-text-editor\" data-id=\"80f2260\" data-element_type=\"widget\" data-e-type=\"widget\" data-widget_type=\"text-editor.default\">\n\t\t\t\t<div class=\"elementor-widget-container\">\n\t\t\t\t\t\t\t\t\t<p>Este paso es fundamental para definir la raz\u00f3n de ser de nuestro negocio. Debemos ser capaces de transmitirla a trav\u00e9s de nuestra imagen, personalidad, logotipo y lema. Mediante estos elementos, reflejamos nuestra visi\u00f3n y misi\u00f3n como marca.<\/p><p>Nuestra misi\u00f3n es promover la compra responsable, la reducci\u00f3n de residuos y el consumo sostenible. Lo hacemos ofreciendo productos ecol\u00f3gicos y locales de alimentaci\u00f3n, cosm\u00e9tica y limpieza a granel.<\/p>\t\t\t\t\t\t\t\t<\/div>\n\t\t\t\t<\/div>\n\t\t\t\t\t<\/div>\n\t\t<\/div>\n\t\t\t\t<div class=\"elementor-column elementor-col-50 elementor-top-column elementor-element elementor-element-613c879\" data-id=\"613c879\" data-element_type=\"column\" data-e-type=\"column\">\n\t\t\t<div class=\"elementor-widget-wrap elementor-element-populated\">\n\t\t\t\t\t\t<div class=\"elementor-element elementor-element-906718e elementor-widget elementor-widget-image\" data-id=\"906718e\" data-element_type=\"widget\" data-e-type=\"widget\" data-widget_type=\"image.default\">\n\t\t\t\t<div class=\"elementor-widget-container\">\n\t\t\t\t\t\t\t\t\t\t\t\t\t\t\t<img decoding=\"async\" width=\"960\" height=\"640\" src=\"https:\/\/mitjavilaslowshop.com\/wp-content\/uploads\/2024\/12\/MjvlaSlowShopGeneralsweb72ppi-19-1024x683.jpg\" class=\"attachment-large size-large wp-image-78524\" alt=\"MitjavilaSlowShop\" srcset=\"https:\/\/mitjavilaslowshop.com\/wp-content\/uploads\/2024\/12\/MjvlaSlowShopGeneralsweb72ppi-19-1024x683.jpg 1024w, https:\/\/mitjavilaslowshop.com\/wp-content\/uploads\/2024\/12\/MjvlaSlowShopGeneralsweb72ppi-19-300x200.jpg 300w, https:\/\/mitjavilaslowshop.com\/wp-content\/uploads\/2024\/12\/MjvlaSlowShopGeneralsweb72ppi-19-768x512.jpg 768w, https:\/\/mitjavilaslowshop.com\/wp-content\/uploads\/2024\/12\/MjvlaSlowShopGeneralsweb72ppi-19-1536x1024.jpg 1536w, https:\/\/mitjavilaslowshop.com\/wp-content\/uploads\/2024\/12\/MjvlaSlowShopGeneralsweb72ppi-19-2048x1365.jpg 2048w, https:\/\/mitjavilaslowshop.com\/wp-content\/uploads\/2024\/12\/MjvlaSlowShopGeneralsweb72ppi-19-600x400.jpg 600w\" sizes=\"(max-width: 960px) 100vw, 960px\" \/>\t\t\t\t\t\t\t\t\t\t\t\t\t\t\t<\/div>\n\t\t\t\t<\/div>\n\t\t\t\t\t<\/div>\n\t\t<\/div>\n\t\t\t\t\t<\/div>\n\t\t<\/section>\n\t\t\t\t<section class=\"elementor-section elementor-top-section elementor-element elementor-element-10e3460 elementor-reverse-tablet elementor-reverse-mobile elementor-section-boxed elementor-section-height-default elementor-section-height-default wpr-particle-no wpr-jarallax-no wpr-parallax-no wpr-sticky-section-no wpr-equal-height-no\" data-id=\"10e3460\" data-element_type=\"section\" data-e-type=\"section\">\n\t\t\t\t\t\t<div class=\"elementor-container elementor-column-gap-default\">\n\t\t\t\t\t<div class=\"elementor-column elementor-col-50 elementor-top-column elementor-element elementor-element-f785c6c\" data-id=\"f785c6c\" data-element_type=\"column\" data-e-type=\"column\">\n\t\t\t<div class=\"elementor-widget-wrap elementor-element-populated\">\n\t\t\t\t\t\t<div class=\"elementor-element elementor-element-207d458 elementor-widget elementor-widget-image\" data-id=\"207d458\" data-element_type=\"widget\" data-e-type=\"widget\" data-widget_type=\"image.default\">\n\t\t\t\t<div class=\"elementor-widget-container\">\n\t\t\t\t\t\t\t\t\t\t\t\t\t\t\t<img decoding=\"async\" width=\"960\" height=\"640\" src=\"https:\/\/mitjavilaslowshop.com\/wp-content\/uploads\/2024\/12\/MjvlaSlowShopGeneralsweb72ppi-15-1024x683.jpg\" class=\"attachment-large size-large wp-image-78525\" alt=\"MitjavilaSlowShop\" srcset=\"https:\/\/mitjavilaslowshop.com\/wp-content\/uploads\/2024\/12\/MjvlaSlowShopGeneralsweb72ppi-15-1024x683.jpg 1024w, https:\/\/mitjavilaslowshop.com\/wp-content\/uploads\/2024\/12\/MjvlaSlowShopGeneralsweb72ppi-15-300x200.jpg 300w, https:\/\/mitjavilaslowshop.com\/wp-content\/uploads\/2024\/12\/MjvlaSlowShopGeneralsweb72ppi-15-768x512.jpg 768w, https:\/\/mitjavilaslowshop.com\/wp-content\/uploads\/2024\/12\/MjvlaSlowShopGeneralsweb72ppi-15-1536x1024.jpg 1536w, https:\/\/mitjavilaslowshop.com\/wp-content\/uploads\/2024\/12\/MjvlaSlowShopGeneralsweb72ppi-15-600x400.jpg 600w, https:\/\/mitjavilaslowshop.com\/wp-content\/uploads\/2024\/12\/MjvlaSlowShopGeneralsweb72ppi-15.jpg 2047w\" sizes=\"(max-width: 960px) 100vw, 960px\" \/>\t\t\t\t\t\t\t\t\t\t\t\t\t\t\t<\/div>\n\t\t\t\t<\/div>\n\t\t\t\t\t<\/div>\n\t\t<\/div>\n\t\t\t\t<div class=\"elementor-column elementor-col-50 elementor-top-column elementor-element elementor-element-0cbec1b\" data-id=\"0cbec1b\" data-element_type=\"column\" data-e-type=\"column\">\n\t\t\t<div class=\"elementor-widget-wrap elementor-element-populated\">\n\t\t\t\t\t\t<div class=\"elementor-element elementor-element-b2ba833 elementor-widget elementor-widget-heading\" data-id=\"b2ba833\" data-element_type=\"widget\" data-e-type=\"widget\" data-widget_type=\"heading.default\">\n\t\t\t\t<div class=\"elementor-widget-container\">\n\t\t\t\t\t<h2 class=\"elementor-heading-title elementor-size-default\">Nuestros valores y elementos diferenciadores<\/h2>\t\t\t\t<\/div>\n\t\t\t\t<\/div>\n\t\t\t\t<div class=\"elementor-element elementor-element-f30d9c9 elementor-widget elementor-widget-text-editor\" data-id=\"f30d9c9\" data-element_type=\"widget\" data-e-type=\"widget\" data-widget_type=\"text-editor.default\">\n\t\t\t\t<div class=\"elementor-widget-container\">\n\t\t\t\t\t\t\t\t\t<p>Lo que nos distingue como marca y que nadie m\u00e1s puede imitar son nuestros valores, nuestra tradici\u00f3n y nuestra historia arraigada en Barcelona, as\u00ed como la confianza y la proximidad que ofrecemos. Nuestra visi\u00f3n es convertirnos en una marca consciente y consolidada.<\/p><p>Adem\u00e1s, organizamos degustaciones mensuales de nuestros productos en la tienda y mantenemos un blog donde compartimos recomendaciones sobre alimentaci\u00f3n saludable e informaci\u00f3n sobre nuestros productos y proveedores, entre otros contenidos.<\/p>\t\t\t\t\t\t\t\t<\/div>\n\t\t\t\t<\/div>\n\t\t\t\t\t<\/div>\n\t\t<\/div>\n\t\t\t\t\t<\/div>\n\t\t<\/section>\n\t\t\t\t<\/div>\n\t\t","protected":false},"excerpt":{"rendered":"<p>Sobre nosotros MitjaVila Slow Shop Mitjavila Slow Shop es una empresa familiar con la misi\u00f3n de fomentar la compra responsable, la reducci\u00f3n de residuos y el consumo sostenible a trav\u00e9s de la venta de alimentos, productos de cosm\u00e9tica y productos de limpieza a granel, ecol\u00f3gicos y de proximidad. La venta de productos a granel permite a los consumidores adquirir \u00fanicamente la cantidad que realmente necesitan. Esta flexibilidad en el proceso de compra garantiza productos de mayor calidad a precios m\u00e1s competitivos. Adem\u00e1s, esta pr\u00e1ctica promueve el respeto y la conciencia medioambiental mediante una pol\u00edtica de gesti\u00f3n de envases basada en el uso de envases reutilizables y biodegradables, con el objetivo de reducir el consumo de pl\u00e1stico. Nuestra misi\u00f3n Este paso es fundamental para definir la raz\u00f3n de ser de nuestro negocio. Debemos ser capaces de transmitirla a trav\u00e9s de nuestra imagen, personalidad, logotipo y lema. Mediante estos elementos, reflejamos nuestra visi\u00f3n y misi\u00f3n como marca. Nuestra misi\u00f3n es promover la compra responsable, la reducci\u00f3n de residuos y el consumo sostenible. Lo hacemos ofreciendo productos ecol\u00f3gicos y locales de alimentaci\u00f3n, cosm\u00e9tica y limpieza a granel. Nuestros valores y elementos diferenciadores Lo que nos distingue como marca y que nadie m\u00e1s puede imitar son nuestros valores, nuestra tradici\u00f3n y nuestra historia arraigada en Barcelona, as\u00ed como la confianza y la proximidad que ofrecemos. Nuestra visi\u00f3n es convertirnos en una marca consciente y consolidada. Adem\u00e1s, organizamos degustaciones mensuales de nuestros productos en la tienda y mantenemos un blog donde compartimos recomendaciones sobre alimentaci\u00f3n saludable e informaci\u00f3n sobre nuestros productos y proveedores, entre otros contenidos.<\/p>\n","protected":false},"author":1,"featured_media":33121,"parent":0,"menu_order":0,"comment_status":"closed","ping_status":"closed","template":"elementor_canvas","meta":{"_acf_changed":false,"_joinchat":[],"footnotes":""},"class_list":["post-33155","page","type-page","status-publish","has-post-thumbnail","hentry"],"acf":[],"_links":{"self":[{"href":"https:\/\/mitjavilaslowshop.com\/es\/wp-json\/wp\/v2\/pages\/33155","targetHints":{"allow":["GET"]}}],"collection":[{"href":"https:\/\/mitjavilaslowshop.com\/es\/wp-json\/wp\/v2\/pages"}],"about":[{"href":"https:\/\/mitjavilaslowshop.com\/es\/wp-json\/wp\/v2\/types\/page"}],"author":[{"embeddable":true,"href":"https:\/\/mitjavilaslowshop.com\/es\/wp-json\/wp\/v2\/users\/1"}],"replies":[{"embeddable":true,"href":"https:\/\/mitjavilaslowshop.com\/es\/wp-json\/wp\/v2\/comments?post=33155"}],"version-history":[{"count":4,"href":"https:\/\/mitjavilaslowshop.com\/es\/wp-json\/wp\/v2\/pages\/33155\/revisions"}],"predecessor-version":[{"id":78521,"href":"https:\/\/mitjavilaslowshop.com\/es\/wp-json\/wp\/v2\/pages\/33155\/revisions\/78521"}],"wp:featuredmedia":[{"embeddable":true,"href":"https:\/\/mitjavilaslowshop.com\/es\/wp-json\/wp\/v2\/media\/33121"}],"wp:attachment":[{"href":"https:\/\/mitjavilaslowshop.com\/es\/wp-json\/wp\/v2\/media?parent=33155"}],"curies":[{"name":"wp","href":"https:\/\/api.w.org\/{rel}","templated":true}]}}