{"id":73515,"date":"2026-01-04T18:21:26","date_gmt":"2026-01-04T18:21:26","guid":{"rendered":"https:\/\/mitjavilaslowshop.com\/producte\/arros-pastor\/"},"modified":"2026-04-05T02:00:05","modified_gmt":"2026-04-05T02:00:05","slug":"arros-pastor","status":"publish","type":"product","link":"https:\/\/mitjavilaslowshop.com\/en\/producte\/arros-pastor\/","title":{"rendered":"ARROS PASTOR"},"content":{"rendered":"<p>Arr\u00f2s Pastor, un plat inspirat en la cuina tradicional amb ingredients naturals i de proximitat. Perfecte per als amants del bon menjar, combina arr\u00f2s d\u2019alta qualitat amb verdures i esp\u00e8cies seleccionades per oferir un gust casol\u00e0 i saludable. Nom\u00e9s afegeix brou calent i gaudeix d\u2019un plat complet amb ess\u00e8ncia rural.<\/p>\n<p>Cont\u00e9: Arr\u00f3s extra, bolets, pastanaga, ceba, porro, xirivia, api, col, tom\u00e0quet, pebrot verd, pebrot vermell, all i julivert<br \/>\nOrigen: Nacional<\/p>\n","protected":false},"excerpt":{"rendered":"<p>Arr\u00f2s Pastor, un plat inspirat en la cuina tradicional amb ingredients naturals i de proximitat. Perfecte per als amants del bon menjar, combina arr\u00f2s d\u2019alta qualitat amb verdures i esp\u00e8cies seleccionades per oferir un gust casol\u00e0 i saludable. Nom\u00e9s afegeix brou calent i gaudeix d\u2019un plat complet amb ess\u00e8ncia rural.<\/p>\n<p>Cont\u00e9: Arr\u00f3s extra, bolets, pastanaga, ceba, porro, xirivia, api, col, tom\u00e0quet, pebrot verd, pebrot vermell, all i julivert<br \/>\nOrigen: Nacional<\/p>\n","protected":false},"featured_media":73516,"comment_status":"open","ping_status":"closed","template":"","meta":{"_acf_changed":false,"_joinchat":[]},"product_brand":[439,570,571],"product_cat":[356],"product_tag":[],"class_list":{"0":"post-73515","1":"product","2":"type-product","3":"status-publish","4":"has-post-thumbnail","6":"product_brand-ecologic","7":"product_brand-gourmet","8":"product_brand-vega","9":"product_cat-rice-and-cereals","10":"categoria-per-dieta-ecologic","11":"categoria-per-dieta-gourmet","12":"categoria-per-dieta-vega","14":"first","15":"instock","16":"taxable","17":"shipping-taxable","18":"purchasable","19":"product-type-variable"},"acf":[],"_links":{"self":[{"href":"https:\/\/mitjavilaslowshop.com\/en\/wp-json\/wp\/v2\/product\/73515","targetHints":{"allow":["GET"]}}],"collection":[{"href":"https:\/\/mitjavilaslowshop.com\/en\/wp-json\/wp\/v2\/product"}],"about":[{"href":"https:\/\/mitjavilaslowshop.com\/en\/wp-json\/wp\/v2\/types\/product"}],"replies":[{"embeddable":true,"href":"https:\/\/mitjavilaslowshop.com\/en\/wp-json\/wp\/v2\/comments?post=73515"}],"version-history":[{"count":8,"href":"https:\/\/mitjavilaslowshop.com\/en\/wp-json\/wp\/v2\/product\/73515\/revisions"}],"predecessor-version":[{"id":89687,"href":"https:\/\/mitjavilaslowshop.com\/en\/wp-json\/wp\/v2\/product\/73515\/revisions\/89687"}],"wp:featuredmedia":[{"embeddable":true,"href":"https:\/\/mitjavilaslowshop.com\/en\/wp-json\/wp\/v2\/media\/73516"}],"wp:attachment":[{"href":"https:\/\/mitjavilaslowshop.com\/en\/wp-json\/wp\/v2\/media?parent=73515"}],"wp:term":[{"taxonomy":"product_brand","embeddable":true,"href":"https:\/\/mitjavilaslowshop.com\/en\/wp-json\/wp\/v2\/product_brand?post=73515"},{"taxonomy":"product_cat","embeddable":true,"href":"https:\/\/mitjavilaslowshop.com\/en\/wp-json\/wp\/v2\/product_cat?post=73515"},{"taxonomy":"product_tag","embeddable":true,"href":"https:\/\/mitjavilaslowshop.com\/en\/wp-json\/wp\/v2\/product_tag?post=73515"}],"curies":[{"name":"wp","href":"https:\/\/api.w.org\/{rel}","templated":true}]}}