{"id":73191,"date":"2026-01-04T18:22:13","date_gmt":"2026-01-04T18:22:13","guid":{"rendered":"https:\/\/mitjavilaslowshop.com\/producte\/llentia-pelada-groga-eco\/"},"modified":"2026-04-07T14:04:46","modified_gmt":"2026-04-07T14:04:46","slug":"llentia-pelada-groga-eco","status":"publish","type":"product","link":"https:\/\/mitjavilaslowshop.com\/en\/producte\/llentia-pelada-groga-eco\/","title":{"rendered":"LLENTIA PELADA GROGA ECO"},"content":{"rendered":"<p>La llentia pelada groga ecol\u00f2gica \u00e9s una varietat molt apreciada per la seva textura suau, sabor delicat i cocci\u00f3 r\u00e0pida. Ideal per a plats lleugers com cremes, pur\u00e9s, sopes i receptes veganes, \u00e9s perfecta per a una alimentaci\u00f3 saludable i equilibrada. A difer\u00e8ncia d\u2019altres llenties, no necessita remull i es desf\u00e0 f\u00e0cilment, aportant una textura cremosa als teus plats.<br \/>\nNo necessita estar en remull. Temps de cocci\u00f3: 12-25min o olla a pressi\u00f3: 5-15min. <br \/>\nOrigen: Salamanca<\/p>\n","protected":false},"excerpt":{"rendered":"<p>La llentia pelada groga ecol\u00f2gica \u00e9s una varietat molt apreciada per la seva textura suau, sabor delicat i cocci\u00f3 r\u00e0pida. Ideal per a plats lleugers com cremes, pur\u00e9s, sopes i receptes veganes, \u00e9s perfecta per a una alimentaci\u00f3 saludable i equilibrada. A difer\u00e8ncia d\u2019altres llenties, no necessita remull i es desf\u00e0 f\u00e0cilment, aportant una textura cremosa als teus plats.<br \/>\nNo necessita estar en remull. Temps de cocci\u00f3: 12-25min o olla a pressi\u00f3: 5-15min.<br \/>\nOrigen: Salamanca<\/p>\n","protected":false},"featured_media":73192,"comment_status":"open","ping_status":"closed","template":"","meta":{"_acf_changed":false,"_joinchat":[]},"product_brand":[439,570],"product_cat":[352],"product_tag":[],"class_list":{"0":"post-73191","1":"product","2":"type-product","3":"status-publish","4":"has-post-thumbnail","6":"product_brand-ecologic","7":"product_brand-gourmet","8":"product_cat-legumes","9":"categoria-per-dieta-ecologic","10":"categoria-per-dieta-gourmet","12":"first","13":"instock","14":"taxable","15":"shipping-taxable","16":"purchasable","17":"product-type-variable","18":"has-default-attributes"},"acf":[],"_links":{"self":[{"href":"https:\/\/mitjavilaslowshop.com\/en\/wp-json\/wp\/v2\/product\/73191","targetHints":{"allow":["GET"]}}],"collection":[{"href":"https:\/\/mitjavilaslowshop.com\/en\/wp-json\/wp\/v2\/product"}],"about":[{"href":"https:\/\/mitjavilaslowshop.com\/en\/wp-json\/wp\/v2\/types\/product"}],"replies":[{"embeddable":true,"href":"https:\/\/mitjavilaslowshop.com\/en\/wp-json\/wp\/v2\/comments?post=73191"}],"version-history":[{"count":7,"href":"https:\/\/mitjavilaslowshop.com\/en\/wp-json\/wp\/v2\/product\/73191\/revisions"}],"predecessor-version":[{"id":90702,"href":"https:\/\/mitjavilaslowshop.com\/en\/wp-json\/wp\/v2\/product\/73191\/revisions\/90702"}],"wp:featuredmedia":[{"embeddable":true,"href":"https:\/\/mitjavilaslowshop.com\/en\/wp-json\/wp\/v2\/media\/73192"}],"wp:attachment":[{"href":"https:\/\/mitjavilaslowshop.com\/en\/wp-json\/wp\/v2\/media?parent=73191"}],"wp:term":[{"taxonomy":"product_brand","embeddable":true,"href":"https:\/\/mitjavilaslowshop.com\/en\/wp-json\/wp\/v2\/product_brand?post=73191"},{"taxonomy":"product_cat","embeddable":true,"href":"https:\/\/mitjavilaslowshop.com\/en\/wp-json\/wp\/v2\/product_cat?post=73191"},{"taxonomy":"product_tag","embeddable":true,"href":"https:\/\/mitjavilaslowshop.com\/en\/wp-json\/wp\/v2\/product_tag?post=73191"}],"curies":[{"name":"wp","href":"https:\/\/api.w.org\/{rel}","templated":true}]}}