{"id":73131,"date":"2026-01-04T18:23:15","date_gmt":"2026-01-04T18:23:15","guid":{"rendered":"https:\/\/mitjavilaslowshop.com\/producte\/festuc-pelat-cru-eco\/"},"modified":"2026-04-05T02:00:30","modified_gmt":"2026-04-05T02:00:30","slug":"festuc-pelat-cru-eco","status":"publish","type":"product","link":"https:\/\/mitjavilaslowshop.com\/en\/producte\/festuc-pelat-cru-eco\/","title":{"rendered":"FESTUC PELAT CRU ECO"},"content":{"rendered":"<p>El festuc pelat cru ecol\u00f2gic \u00e9s un fruit sec delici\u00f3s i nutritiu, perfecte per gaudir com a snack saludable o incorporar a receptes dolces i salades. Sense torrat ni sal, conserva totes les seves propietats naturals: \u00e9s ric en prote\u00efnes vegetals, fibra, vitamines i minerals, ideals per a una alimentaci\u00f3 equilibrada.<br \/>\nOrigen: Nacional<\/p>\n","protected":false},"excerpt":{"rendered":"<p>El festuc pelat cru ecol\u00f2gic \u00e9s un fruit sec delici\u00f3s i nutritiu, perfecte per gaudir com a snack saludable o incorporar a receptes dolces i salades. Sense torrat ni sal, conserva totes les seves propietats naturals: \u00e9s ric en prote\u00efnes vegetals, fibra, vitamines i minerals, ideals per a una alimentaci\u00f3 equilibrada.<br \/>\nOrigen: Nacional<\/p>\n","protected":false},"featured_media":73132,"comment_status":"open","ping_status":"closed","template":"","meta":{"_acf_changed":false,"_joinchat":[]},"product_brand":[439,570],"product_cat":[334],"product_tag":[],"class_list":{"0":"post-73131","1":"product","2":"type-product","3":"status-publish","4":"has-post-thumbnail","6":"product_brand-ecologic","7":"product_brand-gourmet","8":"product_cat-nuts","9":"categoria-per-dieta-ecologic","10":"categoria-per-dieta-gourmet","12":"first","13":"instock","14":"taxable","15":"shipping-taxable","16":"purchasable","17":"product-type-variable","18":"has-default-attributes"},"acf":[],"_links":{"self":[{"href":"https:\/\/mitjavilaslowshop.com\/en\/wp-json\/wp\/v2\/product\/73131","targetHints":{"allow":["GET"]}}],"collection":[{"href":"https:\/\/mitjavilaslowshop.com\/en\/wp-json\/wp\/v2\/product"}],"about":[{"href":"https:\/\/mitjavilaslowshop.com\/en\/wp-json\/wp\/v2\/types\/product"}],"replies":[{"embeddable":true,"href":"https:\/\/mitjavilaslowshop.com\/en\/wp-json\/wp\/v2\/comments?post=73131"}],"version-history":[{"count":7,"href":"https:\/\/mitjavilaslowshop.com\/en\/wp-json\/wp\/v2\/product\/73131\/revisions"}],"predecessor-version":[{"id":86560,"href":"https:\/\/mitjavilaslowshop.com\/en\/wp-json\/wp\/v2\/product\/73131\/revisions\/86560"}],"wp:featuredmedia":[{"embeddable":true,"href":"https:\/\/mitjavilaslowshop.com\/en\/wp-json\/wp\/v2\/media\/73132"}],"wp:attachment":[{"href":"https:\/\/mitjavilaslowshop.com\/en\/wp-json\/wp\/v2\/media?parent=73131"}],"wp:term":[{"taxonomy":"product_brand","embeddable":true,"href":"https:\/\/mitjavilaslowshop.com\/en\/wp-json\/wp\/v2\/product_brand?post=73131"},{"taxonomy":"product_cat","embeddable":true,"href":"https:\/\/mitjavilaslowshop.com\/en\/wp-json\/wp\/v2\/product_cat?post=73131"},{"taxonomy":"product_tag","embeddable":true,"href":"https:\/\/mitjavilaslowshop.com\/en\/wp-json\/wp\/v2\/product_tag?post=73131"}],"curies":[{"name":"wp","href":"https:\/\/api.w.org\/{rel}","templated":true}]}}