{"id":73059,"date":"2026-01-04T18:23:26","date_gmt":"2026-01-04T18:23:26","guid":{"rendered":"https:\/\/mitjavilaslowshop.com\/producte\/cacauet-mana-repelat-torrat-jumbo\/"},"modified":"2026-04-05T02:00:34","modified_gmt":"2026-04-05T02:00:34","slug":"cacauet-mana-repelat-torrat-jumbo","status":"publish","type":"product","link":"https:\/\/mitjavilaslowshop.com\/en\/producte\/cacauet-mana-repelat-torrat-jumbo\/","title":{"rendered":"CACAUET MANA REPELAT TORRAT JUMBO"},"content":{"rendered":"<p>El cacauet Mana repelat torrat Jumbo \u00e9s un fruit sec sabor\u00f3s i cruixent, perfecte per gaudir com a snack saludable o per donar un toc especial a amanides, bowls i receptes creatives. Amb una mida gran i un torrat que potencia el seu gust aut\u00e8ntic, \u00e9s una font natural de prote\u00efnes vegetals, fibra i greixos saludables.<br \/>\nOrigen: Brasil<\/p>\n","protected":false},"excerpt":{"rendered":"<p>El cacauet Mana repelat torrat Jumbo \u00e9s un fruit sec sabor\u00f3s i cruixent, perfecte per gaudir com a snack saludable o per donar un toc especial a amanides, bowls i receptes creatives. Amb una mida gran i un torrat que potencia el seu gust aut\u00e8ntic, \u00e9s una font natural de prote\u00efnes vegetals, fibra i greixos saludables.<br \/>\nOrigen: Brasil<\/p>\n","protected":false},"featured_media":73060,"comment_status":"open","ping_status":"closed","template":"","meta":{"_acf_changed":false,"_joinchat":[]},"product_brand":[439],"product_cat":[334],"product_tag":[],"class_list":{"0":"post-73059","1":"product","2":"type-product","3":"status-publish","4":"has-post-thumbnail","6":"product_brand-ecologic","7":"product_cat-nuts","8":"categoria-per-dieta-ecologic","10":"first","11":"instock","12":"taxable","13":"shipping-taxable","14":"purchasable","15":"product-type-variable"},"acf":[],"_links":{"self":[{"href":"https:\/\/mitjavilaslowshop.com\/en\/wp-json\/wp\/v2\/product\/73059","targetHints":{"allow":["GET"]}}],"collection":[{"href":"https:\/\/mitjavilaslowshop.com\/en\/wp-json\/wp\/v2\/product"}],"about":[{"href":"https:\/\/mitjavilaslowshop.com\/en\/wp-json\/wp\/v2\/types\/product"}],"replies":[{"embeddable":true,"href":"https:\/\/mitjavilaslowshop.com\/en\/wp-json\/wp\/v2\/comments?post=73059"}],"version-history":[{"count":8,"href":"https:\/\/mitjavilaslowshop.com\/en\/wp-json\/wp\/v2\/product\/73059\/revisions"}],"predecessor-version":[{"id":89762,"href":"https:\/\/mitjavilaslowshop.com\/en\/wp-json\/wp\/v2\/product\/73059\/revisions\/89762"}],"wp:featuredmedia":[{"embeddable":true,"href":"https:\/\/mitjavilaslowshop.com\/en\/wp-json\/wp\/v2\/media\/73060"}],"wp:attachment":[{"href":"https:\/\/mitjavilaslowshop.com\/en\/wp-json\/wp\/v2\/media?parent=73059"}],"wp:term":[{"taxonomy":"product_brand","embeddable":true,"href":"https:\/\/mitjavilaslowshop.com\/en\/wp-json\/wp\/v2\/product_brand?post=73059"},{"taxonomy":"product_cat","embeddable":true,"href":"https:\/\/mitjavilaslowshop.com\/en\/wp-json\/wp\/v2\/product_cat?post=73059"},{"taxonomy":"product_tag","embeddable":true,"href":"https:\/\/mitjavilaslowshop.com\/en\/wp-json\/wp\/v2\/product_tag?post=73059"}],"curies":[{"name":"wp","href":"https:\/\/api.w.org\/{rel}","templated":true}]}}