{"id":73043,"date":"2026-01-04T18:23:28","date_gmt":"2026-01-04T18:23:28","guid":{"rendered":"https:\/\/mitjavilaslowshop.com\/producte\/pipa-gira-sol-pelada-crua\/"},"modified":"2026-04-05T02:00:36","modified_gmt":"2026-04-05T02:00:36","slug":"pipa-gira-sol-pelada-crua","status":"publish","type":"product","link":"https:\/\/mitjavilaslowshop.com\/en\/producte\/pipa-gira-sol-pelada-crua\/","title":{"rendered":"PIPA GIRA-SOL PELADA CRUA"},"content":{"rendered":"<p>La pipa de gira-sol pelada crua \u00e9s un ingredient vers\u00e0til i nutritiu, perfecte per afegir a amanides, bowls, granola o per gaudir com a snack saludable. Rica en prote\u00efnes vegetals, fibra i greixos saludables, \u00e9s una excel\u00b7lent font d\u2019energia i nutrients essencials per a una alimentaci\u00f3 equilibrada.<br \/>\nOrigen: Bulgaria<\/p>\n","protected":false},"excerpt":{"rendered":"<p>La pipa de gira-sol pelada crua \u00e9s un ingredient vers\u00e0til i nutritiu, perfecte per afegir a amanides, bowls, granola o per gaudir com a snack saludable. Rica en prote\u00efnes vegetals, fibra i greixos saludables, \u00e9s una excel\u00b7lent font d\u2019energia i nutrients essencials per a una alimentaci\u00f3 equilibrada.<br \/>\nOrigen: Bulgaria<\/p>\n","protected":false},"featured_media":73044,"comment_status":"open","ping_status":"closed","template":"","meta":{"_acf_changed":false,"_joinchat":[]},"product_brand":[439,570],"product_cat":[334],"product_tag":[],"class_list":{"0":"post-73043","1":"product","2":"type-product","3":"status-publish","4":"has-post-thumbnail","6":"product_brand-ecologic","7":"product_brand-gourmet","8":"product_cat-nuts","9":"categoria-per-dieta-ecologic","10":"categoria-per-dieta-gourmet","12":"first","13":"instock","14":"taxable","15":"shipping-taxable","16":"purchasable","17":"product-type-variable"},"acf":[],"_links":{"self":[{"href":"https:\/\/mitjavilaslowshop.com\/en\/wp-json\/wp\/v2\/product\/73043","targetHints":{"allow":["GET"]}}],"collection":[{"href":"https:\/\/mitjavilaslowshop.com\/en\/wp-json\/wp\/v2\/product"}],"about":[{"href":"https:\/\/mitjavilaslowshop.com\/en\/wp-json\/wp\/v2\/types\/product"}],"replies":[{"embeddable":true,"href":"https:\/\/mitjavilaslowshop.com\/en\/wp-json\/wp\/v2\/comments?post=73043"}],"version-history":[{"count":8,"href":"https:\/\/mitjavilaslowshop.com\/en\/wp-json\/wp\/v2\/product\/73043\/revisions"}],"predecessor-version":[{"id":89768,"href":"https:\/\/mitjavilaslowshop.com\/en\/wp-json\/wp\/v2\/product\/73043\/revisions\/89768"}],"wp:featuredmedia":[{"embeddable":true,"href":"https:\/\/mitjavilaslowshop.com\/en\/wp-json\/wp\/v2\/media\/73044"}],"wp:attachment":[{"href":"https:\/\/mitjavilaslowshop.com\/en\/wp-json\/wp\/v2\/media?parent=73043"}],"wp:term":[{"taxonomy":"product_brand","embeddable":true,"href":"https:\/\/mitjavilaslowshop.com\/en\/wp-json\/wp\/v2\/product_brand?post=73043"},{"taxonomy":"product_cat","embeddable":true,"href":"https:\/\/mitjavilaslowshop.com\/en\/wp-json\/wp\/v2\/product_cat?post=73043"},{"taxonomy":"product_tag","embeddable":true,"href":"https:\/\/mitjavilaslowshop.com\/en\/wp-json\/wp\/v2\/product_tag?post=73043"}],"curies":[{"name":"wp","href":"https:\/\/api.w.org\/{rel}","templated":true}]}}