{"id":72991,"date":"2026-01-04T18:23:35","date_gmt":"2026-01-04T18:23:35","guid":{"rendered":"https:\/\/mitjavilaslowshop.com\/producte\/coco-tires-eco\/"},"modified":"2026-04-05T02:00:38","modified_gmt":"2026-04-05T02:00:38","slug":"coco-tires-eco","status":"publish","type":"product","link":"https:\/\/mitjavilaslowshop.com\/en\/producte\/coco-tires-eco\/","title":{"rendered":"COCO TIRES ECO"},"content":{"rendered":"<p>Una opci\u00f3 deliciosa i nutritiva per als amants dels sabors ex\u00f2tics. Elaborades amb coco de cultiu ecol\u00f2gic i deshidratat de manera natural, aquestes tires conserven totes les propietats i el sabor aut\u00e8ntic sense additius ni sucres afegits.<br \/>\nPerfectes per Snacks saludables entre hores,  afegir a iogurts, cereals i granola i\/o decorar postres, batuts i plats tropicals.<\/p>\n<p>Beneficis:<\/p>\n<p>Ric en fibra i greixos saludables.<br \/>\nFont d\u2019energia natural per al teu dia a dia.<\/p>\n","protected":false},"excerpt":{"rendered":"<p>Una opci\u00f3 deliciosa i nutritiva per als amants dels sabors ex\u00f2tics. Elaborades amb coco de cultiu ecol\u00f2gic i deshidratat de manera natural, aquestes tires conserven totes les propietats i el sabor aut\u00e8ntic sense additius ni sucres afegits.<br \/>\nPerfectes per Snacks saludables entre hores,  afegir a iogurts, cereals i granola i\/o decorar postres, batuts i plats tropicals.<\/p>\n<p>Beneficis:<\/p>\n<p>Ric en fibra i greixos saludables.<br \/>\nFont d\u2019energia natural per al teu dia a dia.<\/p>\n","protected":false},"featured_media":72992,"comment_status":"open","ping_status":"closed","template":"","meta":{"_acf_changed":false,"_joinchat":[]},"product_brand":[439],"product_cat":[350],"product_tag":[],"class_list":{"0":"post-72991","1":"product","2":"type-product","3":"status-publish","4":"has-post-thumbnail","6":"product_brand-ecologic","7":"product_cat-fruits-and-candies","8":"categoria-per-dieta-ecologic","10":"first","11":"instock","12":"taxable","13":"shipping-taxable","14":"purchasable","15":"product-type-variable"},"acf":[],"_links":{"self":[{"href":"https:\/\/mitjavilaslowshop.com\/en\/wp-json\/wp\/v2\/product\/72991","targetHints":{"allow":["GET"]}}],"collection":[{"href":"https:\/\/mitjavilaslowshop.com\/en\/wp-json\/wp\/v2\/product"}],"about":[{"href":"https:\/\/mitjavilaslowshop.com\/en\/wp-json\/wp\/v2\/types\/product"}],"replies":[{"embeddable":true,"href":"https:\/\/mitjavilaslowshop.com\/en\/wp-json\/wp\/v2\/comments?post=72991"}],"version-history":[{"count":8,"href":"https:\/\/mitjavilaslowshop.com\/en\/wp-json\/wp\/v2\/product\/72991\/revisions"}],"predecessor-version":[{"id":89781,"href":"https:\/\/mitjavilaslowshop.com\/en\/wp-json\/wp\/v2\/product\/72991\/revisions\/89781"}],"wp:featuredmedia":[{"embeddable":true,"href":"https:\/\/mitjavilaslowshop.com\/en\/wp-json\/wp\/v2\/media\/72992"}],"wp:attachment":[{"href":"https:\/\/mitjavilaslowshop.com\/en\/wp-json\/wp\/v2\/media?parent=72991"}],"wp:term":[{"taxonomy":"product_brand","embeddable":true,"href":"https:\/\/mitjavilaslowshop.com\/en\/wp-json\/wp\/v2\/product_brand?post=72991"},{"taxonomy":"product_cat","embeddable":true,"href":"https:\/\/mitjavilaslowshop.com\/en\/wp-json\/wp\/v2\/product_cat?post=72991"},{"taxonomy":"product_tag","embeddable":true,"href":"https:\/\/mitjavilaslowshop.com\/en\/wp-json\/wp\/v2\/product_tag?post=72991"}],"curies":[{"name":"wp","href":"https:\/\/api.w.org\/{rel}","templated":true}]}}