{"id":72867,"date":"2026-01-04T18:23:55","date_gmt":"2026-01-04T18:23:55","guid":{"rendered":"https:\/\/mitjavilaslowshop.com\/producte\/infuso-curcuma-i-mango\/"},"modified":"2026-04-05T02:00:47","modified_gmt":"2026-04-05T02:00:47","slug":"infuso-curcuma-i-mango","status":"publish","type":"product","link":"https:\/\/mitjavilaslowshop.com\/en\/producte\/infuso-curcuma-i-mango\/","title":{"rendered":"INFUS\u00d3 CURCUMA I MANGO"},"content":{"rendered":"<p>Gaudeix de la combinaci\u00f3 perfecta entre el sabor ex\u00f2tic del mango i les propietats antiinflamat\u00f2ries de la c\u00farcuma. Aquesta infusi\u00f3 \u00e9s ideal per a moments de relax, aportant benestar i un toc tropical al teu dia. La c\u00farcuma \u00e9s coneguda per les seves propietats antioxidants i antiinflamat\u00f2ries, mentre que el mango aporta vitamines i frescor.<br \/>\nInfusiona 3 g en aigua a 90\u00baC durant 5-8 minuts per gaudir del seu sabor intens i saludable.<br \/>\nCont\u00e9: Tro\u00e7os de poma, pinya confitada, mango confitat, papaia confitada, c\u00farcuma, tro\u00e7os de figues<br \/>\nOrigen: Alemania<\/p>\n","protected":false},"excerpt":{"rendered":"<p>Gaudeix de la combinaci\u00f3 perfecta entre el sabor ex\u00f2tic del mango i les propietats antiinflamat\u00f2ries de la c\u00farcuma. Aquesta infusi\u00f3 \u00e9s ideal per a moments de relax, aportant benestar i un toc tropical al teu dia. La c\u00farcuma \u00e9s coneguda per les seves propietats antioxidants i antiinflamat\u00f2ries, mentre que el mango aporta vitamines i frescor.<br \/>\nInfusiona 3 g en aigua a 90\u00baC durant 5-8 minuts per gaudir del seu sabor intens i saludable.<br \/>\nCont\u00e9: Tro\u00e7os de poma, pinya confitada, mango confitat, papaia confitada, c\u00farcuma, tro\u00e7os de figues<br \/>\nOrigen: Alemania<\/p>\n","protected":false},"featured_media":72868,"comment_status":"open","ping_status":"closed","template":"","meta":{"_acf_changed":false,"_joinchat":[]},"product_brand":[439,570],"product_cat":[348],"product_tag":[],"class_list":{"0":"post-72867","1":"product","2":"type-product","3":"status-publish","4":"has-post-thumbnail","6":"product_brand-ecologic","7":"product_brand-gourmet","8":"product_cat-infusions-tes","9":"categoria-per-dieta-ecologic","10":"categoria-per-dieta-gourmet","12":"first","13":"instock","14":"taxable","15":"shipping-taxable","16":"purchasable","17":"product-type-variable"},"acf":[],"_links":{"self":[{"href":"https:\/\/mitjavilaslowshop.com\/en\/wp-json\/wp\/v2\/product\/72867","targetHints":{"allow":["GET"]}}],"collection":[{"href":"https:\/\/mitjavilaslowshop.com\/en\/wp-json\/wp\/v2\/product"}],"about":[{"href":"https:\/\/mitjavilaslowshop.com\/en\/wp-json\/wp\/v2\/types\/product"}],"replies":[{"embeddable":true,"href":"https:\/\/mitjavilaslowshop.com\/en\/wp-json\/wp\/v2\/comments?post=72867"}],"version-history":[{"count":8,"href":"https:\/\/mitjavilaslowshop.com\/en\/wp-json\/wp\/v2\/product\/72867\/revisions"}],"predecessor-version":[{"id":89814,"href":"https:\/\/mitjavilaslowshop.com\/en\/wp-json\/wp\/v2\/product\/72867\/revisions\/89814"}],"wp:featuredmedia":[{"embeddable":true,"href":"https:\/\/mitjavilaslowshop.com\/en\/wp-json\/wp\/v2\/media\/72868"}],"wp:attachment":[{"href":"https:\/\/mitjavilaslowshop.com\/en\/wp-json\/wp\/v2\/media?parent=72867"}],"wp:term":[{"taxonomy":"product_brand","embeddable":true,"href":"https:\/\/mitjavilaslowshop.com\/en\/wp-json\/wp\/v2\/product_brand?post=72867"},{"taxonomy":"product_cat","embeddable":true,"href":"https:\/\/mitjavilaslowshop.com\/en\/wp-json\/wp\/v2\/product_cat?post=72867"},{"taxonomy":"product_tag","embeddable":true,"href":"https:\/\/mitjavilaslowshop.com\/en\/wp-json\/wp\/v2\/product_tag?post=72867"}],"curies":[{"name":"wp","href":"https:\/\/api.w.org\/{rel}","templated":true}]}}