{"id":72827,"date":"2026-01-04T18:26:15","date_gmt":"2026-01-04T18:26:15","guid":{"rendered":"https:\/\/mitjavilaslowshop.com\/producte\/all-negre-caixa-eco\/"},"modified":"2026-04-12T20:53:41","modified_gmt":"2026-04-12T20:53:41","slug":"all-negre-caixa-eco","status":"publish","type":"product","link":"https:\/\/mitjavilaslowshop.com\/en\/producte\/all-negre-caixa-eco\/","title":{"rendered":"ALL NEGRE CAIXA ECO"},"content":{"rendered":"<p>Elaborat amb all ecol\u00f2gic. S&#8217;obt\u00e9 mitjan\u00e7ant un llarg proc\u00e9s de maduraci\u00f3 natural que combina temperatura i humitat durant m\u00e9s de 40 dies i no s&#8217;hi afegeixen additius ni conservants. L&#8217;all negre manca del fort sabor caracter\u00edstic de l&#8217;all fresc i t\u00e9 un sabor dol\u00e7 amb textura suau.<br \/>\nOrigen: Nacional<\/p>\n","protected":false},"excerpt":{"rendered":"<p>Elaborat amb all ecol\u00f2gic. S&#8217;obt\u00e9 mitjan\u00e7ant un llarg proc\u00e9s de maduraci\u00f3 natural que combina temperatura i humitat durant m\u00e9s de 40 dies i no s&#8217;hi afegeixen additius ni conservants. L&#8217;all negre manca del fort sabor caracter\u00edstic de l&#8217;all fresc i t\u00e9 un sabor dol\u00e7 amb textura suau.<br \/>\nOrigen: Nacional<\/p>\n","protected":false},"featured_media":72828,"comment_status":"open","ping_status":"closed","template":"","meta":{"_acf_changed":false,"_joinchat":[]},"product_brand":[],"product_cat":[272],"product_tag":[],"class_list":{"0":"post-72827","1":"product","2":"type-product","3":"status-publish","4":"has-post-thumbnail","6":"product_cat-preserves-and-packaged-foods","8":"first","9":"outofstock","10":"taxable","11":"shipping-taxable","12":"purchasable","13":"product-type-simple"},"acf":[],"_links":{"self":[{"href":"https:\/\/mitjavilaslowshop.com\/en\/wp-json\/wp\/v2\/product\/72827","targetHints":{"allow":["GET"]}}],"collection":[{"href":"https:\/\/mitjavilaslowshop.com\/en\/wp-json\/wp\/v2\/product"}],"about":[{"href":"https:\/\/mitjavilaslowshop.com\/en\/wp-json\/wp\/v2\/types\/product"}],"replies":[{"embeddable":true,"href":"https:\/\/mitjavilaslowshop.com\/en\/wp-json\/wp\/v2\/comments?post=72827"}],"version-history":[{"count":7,"href":"https:\/\/mitjavilaslowshop.com\/en\/wp-json\/wp\/v2\/product\/72827\/revisions"}],"predecessor-version":[{"id":92130,"href":"https:\/\/mitjavilaslowshop.com\/en\/wp-json\/wp\/v2\/product\/72827\/revisions\/92130"}],"wp:featuredmedia":[{"embeddable":true,"href":"https:\/\/mitjavilaslowshop.com\/en\/wp-json\/wp\/v2\/media\/72828"}],"wp:attachment":[{"href":"https:\/\/mitjavilaslowshop.com\/en\/wp-json\/wp\/v2\/media?parent=72827"}],"wp:term":[{"taxonomy":"product_brand","embeddable":true,"href":"https:\/\/mitjavilaslowshop.com\/en\/wp-json\/wp\/v2\/product_brand?post=72827"},{"taxonomy":"product_cat","embeddable":true,"href":"https:\/\/mitjavilaslowshop.com\/en\/wp-json\/wp\/v2\/product_cat?post=72827"},{"taxonomy":"product_tag","embeddable":true,"href":"https:\/\/mitjavilaslowshop.com\/en\/wp-json\/wp\/v2\/product_tag?post=72827"}],"curies":[{"name":"wp","href":"https:\/\/api.w.org\/{rel}","templated":true}]}}