{"id":72815,"date":"2026-01-04T18:26:16","date_gmt":"2026-01-04T18:26:16","guid":{"rendered":"https:\/\/mitjavilaslowshop.com\/producte\/all-negre-pasta-eco\/"},"modified":"2026-04-12T20:53:23","modified_gmt":"2026-04-12T20:53:23","slug":"all-negre-pasta-eco","status":"publish","type":"product","link":"https:\/\/mitjavilaslowshop.com\/en\/producte\/all-negre-pasta-eco\/","title":{"rendered":"ALL NEGRE PASTA ECO"},"content":{"rendered":"<p>Elaborada amb all negre ecol\u00f2gic de producci\u00f3 pr\u00f2pia. Totalment natural, sense additius ni conservants. Llista per untar o afegir qualsevol recepta.<br \/>\nOrigen: Espanya<\/p>\n","protected":false},"excerpt":{"rendered":"<p>Elaborada amb all negre ecol\u00f2gic de producci\u00f3 pr\u00f2pia. Totalment natural, sense additius ni conservants. Llista per untar o afegir qualsevol recepta.<br \/>\nOrigen: Espanya<\/p>\n","protected":false},"featured_media":72816,"comment_status":"open","ping_status":"closed","template":"","meta":{"_acf_changed":false,"_joinchat":[]},"product_brand":[],"product_cat":[272],"product_tag":[],"class_list":{"0":"post-72815","1":"product","2":"type-product","3":"status-publish","4":"has-post-thumbnail","6":"product_cat-preserves-and-packaged-foods","8":"first","9":"outofstock","10":"taxable","11":"shipping-taxable","12":"purchasable","13":"product-type-simple"},"acf":[],"_links":{"self":[{"href":"https:\/\/mitjavilaslowshop.com\/en\/wp-json\/wp\/v2\/product\/72815","targetHints":{"allow":["GET"]}}],"collection":[{"href":"https:\/\/mitjavilaslowshop.com\/en\/wp-json\/wp\/v2\/product"}],"about":[{"href":"https:\/\/mitjavilaslowshop.com\/en\/wp-json\/wp\/v2\/types\/product"}],"replies":[{"embeddable":true,"href":"https:\/\/mitjavilaslowshop.com\/en\/wp-json\/wp\/v2\/comments?post=72815"}],"version-history":[{"count":5,"href":"https:\/\/mitjavilaslowshop.com\/en\/wp-json\/wp\/v2\/product\/72815\/revisions"}],"predecessor-version":[{"id":92127,"href":"https:\/\/mitjavilaslowshop.com\/en\/wp-json\/wp\/v2\/product\/72815\/revisions\/92127"}],"wp:featuredmedia":[{"embeddable":true,"href":"https:\/\/mitjavilaslowshop.com\/en\/wp-json\/wp\/v2\/media\/72816"}],"wp:attachment":[{"href":"https:\/\/mitjavilaslowshop.com\/en\/wp-json\/wp\/v2\/media?parent=72815"}],"wp:term":[{"taxonomy":"product_brand","embeddable":true,"href":"https:\/\/mitjavilaslowshop.com\/en\/wp-json\/wp\/v2\/product_brand?post=72815"},{"taxonomy":"product_cat","embeddable":true,"href":"https:\/\/mitjavilaslowshop.com\/en\/wp-json\/wp\/v2\/product_cat?post=72815"},{"taxonomy":"product_tag","embeddable":true,"href":"https:\/\/mitjavilaslowshop.com\/en\/wp-json\/wp\/v2\/product_tag?post=72815"}],"curies":[{"name":"wp","href":"https:\/\/api.w.org\/{rel}","templated":true}]}}