{"id":72783,"date":"2026-01-04T18:26:12","date_gmt":"2026-01-04T18:26:12","guid":{"rendered":"https:\/\/mitjavilaslowshop.com\/producte\/olives-arbequines\/"},"modified":"2026-04-07T02:00:47","modified_gmt":"2026-04-07T02:00:47","slug":"arbequina-olives","status":"publish","type":"product","link":"https:\/\/mitjavilaslowshop.com\/en\/producte\/arbequina-olives\/","title":{"rendered":"OLIVES ARBEQUINES"},"content":{"rendered":"<p>Les olives arbequines s\u00f3n petites, saboroses i amb un toc suau que les fa irresistibles. Procedents de cultiu tradicional i respectu\u00f3s amb el medi ambient, aquestes olives s\u00f3n ideals per acompanyar aperitius, amanides o plats gurmet.<br \/>\nOrigen: La Granadella<\/p>\n","protected":false},"excerpt":{"rendered":"<p>Les olives arbequines s\u00f3n petites, saboroses i amb un toc suau que les fa irresistibles. Procedents de cultiu tradicional i respectu\u00f3s amb el medi ambient, aquestes olives s\u00f3n ideals per acompanyar aperitius, amanides o plats gurmet.<br \/>\nOrigen: La Granadella<\/p>\n","protected":false},"featured_media":72784,"comment_status":"open","ping_status":"closed","template":"","meta":{"_acf_changed":false,"_joinchat":[]},"product_brand":[],"product_cat":[165],"product_tag":[],"class_list":{"0":"post-72783","1":"product","2":"type-product","3":"status-publish","4":"has-post-thumbnail","6":"product_cat-olives","8":"first","9":"instock","10":"taxable","11":"shipping-taxable","12":"purchasable","13":"product-type-simple"},"acf":[],"_links":{"self":[{"href":"https:\/\/mitjavilaslowshop.com\/en\/wp-json\/wp\/v2\/product\/72783","targetHints":{"allow":["GET"]}}],"collection":[{"href":"https:\/\/mitjavilaslowshop.com\/en\/wp-json\/wp\/v2\/product"}],"about":[{"href":"https:\/\/mitjavilaslowshop.com\/en\/wp-json\/wp\/v2\/types\/product"}],"replies":[{"embeddable":true,"href":"https:\/\/mitjavilaslowshop.com\/en\/wp-json\/wp\/v2\/comments?post=72783"}],"version-history":[{"count":4,"href":"https:\/\/mitjavilaslowshop.com\/en\/wp-json\/wp\/v2\/product\/72783\/revisions"}],"predecessor-version":[{"id":79862,"href":"https:\/\/mitjavilaslowshop.com\/en\/wp-json\/wp\/v2\/product\/72783\/revisions\/79862"}],"wp:featuredmedia":[{"embeddable":true,"href":"https:\/\/mitjavilaslowshop.com\/en\/wp-json\/wp\/v2\/media\/72784"}],"wp:attachment":[{"href":"https:\/\/mitjavilaslowshop.com\/en\/wp-json\/wp\/v2\/media?parent=72783"}],"wp:term":[{"taxonomy":"product_brand","embeddable":true,"href":"https:\/\/mitjavilaslowshop.com\/en\/wp-json\/wp\/v2\/product_brand?post=72783"},{"taxonomy":"product_cat","embeddable":true,"href":"https:\/\/mitjavilaslowshop.com\/en\/wp-json\/wp\/v2\/product_cat?post=72783"},{"taxonomy":"product_tag","embeddable":true,"href":"https:\/\/mitjavilaslowshop.com\/en\/wp-json\/wp\/v2\/product_tag?post=72783"}],"curies":[{"name":"wp","href":"https:\/\/api.w.org\/{rel}","templated":true}]}}