{"id":72350,"date":"2026-01-04T18:23:08","date_gmt":"2026-01-04T18:23:08","guid":{"rendered":"https:\/\/mitjavilaslowshop.com\/producte\/nou-moscada-pols\/"},"modified":"2026-03-17T13:53:37","modified_gmt":"2026-03-17T13:53:37","slug":"new-ground-nutmeg","status":"publish","type":"product","link":"https:\/\/mitjavilaslowshop.com\/en\/producte\/new-ground-nutmeg\/","title":{"rendered":"NEW GROUND NUTMEG"},"content":{"rendered":"<p>It is a classic spice with an intense aroma and a slightly sweet, spicy flavor. Ideal for adding a gourmet touch to sauces, creams, pur\u00e9es, desserts, and beverages. Add it in small amounts to sauces (such as b\u00e9chamel), creams, pur\u00e9es, stews, desserts, and drinks like coffee or hot chocolate.<\/p>\n<p> Benefits:<br \/> Nutmeg is rich in antioxidants and has traditionally been used to aid digestion. It adds a sophisticated and healthy touch to your recipes.<\/p>\n","protected":false},"excerpt":{"rendered":"<p>It is a classic spice with an intense aroma and a slightly sweet, spicy flavor. Ideal for adding a gourmet touch to sauces, creams, pur\u00e9es, desserts, and beverages. Add it in small amounts to sauces (such as b\u00e9chamel), creams, pur\u00e9es, stews, desserts, and drinks like coffee or hot chocolate. Benefits: Nutmeg is rich in antioxidants and has traditionally been used to aid digestion. It adds a sophisticated and healthy touch to your recipes.<\/p>\n","protected":false},"featured_media":72351,"comment_status":"open","ping_status":"closed","template":"","meta":{"_acf_changed":false,"_joinchat":[]},"product_brand":[439,570],"product_cat":[336],"product_tag":[],"class_list":{"0":"post-72350","1":"product","2":"type-product","3":"status-publish","4":"has-post-thumbnail","6":"product_brand-ecologic","7":"product_brand-gourmet","8":"product_cat-spices","9":"categoria-per-dieta-ecologic","10":"categoria-per-dieta-gourmet","12":"first","13":"instock","14":"taxable","15":"shipping-taxable","16":"purchasable","17":"product-type-variable","18":"has-default-attributes"},"acf":[],"_links":{"self":[{"href":"https:\/\/mitjavilaslowshop.com\/en\/wp-json\/wp\/v2\/product\/72350","targetHints":{"allow":["GET"]}}],"collection":[{"href":"https:\/\/mitjavilaslowshop.com\/en\/wp-json\/wp\/v2\/product"}],"about":[{"href":"https:\/\/mitjavilaslowshop.com\/en\/wp-json\/wp\/v2\/types\/product"}],"replies":[{"embeddable":true,"href":"https:\/\/mitjavilaslowshop.com\/en\/wp-json\/wp\/v2\/comments?post=72350"}],"version-history":[{"count":6,"href":"https:\/\/mitjavilaslowshop.com\/en\/wp-json\/wp\/v2\/product\/72350\/revisions"}],"predecessor-version":[{"id":81870,"href":"https:\/\/mitjavilaslowshop.com\/en\/wp-json\/wp\/v2\/product\/72350\/revisions\/81870"}],"wp:featuredmedia":[{"embeddable":true,"href":"https:\/\/mitjavilaslowshop.com\/en\/wp-json\/wp\/v2\/media\/72351"}],"wp:attachment":[{"href":"https:\/\/mitjavilaslowshop.com\/en\/wp-json\/wp\/v2\/media?parent=72350"}],"wp:term":[{"taxonomy":"product_brand","embeddable":true,"href":"https:\/\/mitjavilaslowshop.com\/en\/wp-json\/wp\/v2\/product_brand?post=72350"},{"taxonomy":"product_cat","embeddable":true,"href":"https:\/\/mitjavilaslowshop.com\/en\/wp-json\/wp\/v2\/product_cat?post=72350"},{"taxonomy":"product_tag","embeddable":true,"href":"https:\/\/mitjavilaslowshop.com\/en\/wp-json\/wp\/v2\/product_tag?post=72350"}],"curies":[{"name":"wp","href":"https:\/\/api.w.org\/{rel}","templated":true}]}}