{"id":72242,"date":"2026-01-04T18:24:10","date_gmt":"2026-01-04T18:24:10","guid":{"rendered":"https:\/\/mitjavilaslowshop.com\/producte\/te-verd-moruno\/"},"modified":"2026-04-05T02:00:52","modified_gmt":"2026-04-05T02:00:52","slug":"te-verd-moruno","status":"publish","type":"product","link":"https:\/\/mitjavilaslowshop.com\/en\/producte\/te-verd-moruno\/","title":{"rendered":"TE VERD MORUNO"},"content":{"rendered":"<p>TE VERD, HERBABONA, AROMES NATURALS<\/p>\n","protected":false},"excerpt":{"rendered":"<p>El Te Verd Moruno \u00e9s una infusi\u00f3 cl\u00e0ssica inspirada en la cultura magrebina. Elaborat amb te verd Gunpowder i fulles de menta, ofereix un sabor fresc i revitalitzant, perfecte per a moments de relax o per compartir. Ric en antioxidants, ajuda a millorar la digesti\u00f3, hidratar i aportar una sensaci\u00f3 refrescant.<br \/>\nInfusiona 2-3 g en aigua a 80\u00baC durant 2-3 minuts. Pots afegir sucre o mel per seguir la tradici\u00f3 marroquina.<br \/>\nOrigen: Xina<\/p>\n","protected":false},"featured_media":72243,"comment_status":"open","ping_status":"closed","template":"","meta":{"_acf_changed":false,"_joinchat":[]},"product_brand":[439,571],"product_cat":[348],"product_tag":[],"class_list":{"0":"post-72242","1":"product","2":"type-product","3":"status-publish","4":"has-post-thumbnail","6":"product_brand-ecologic","7":"product_brand-vega","8":"product_cat-infusions-tes","9":"categoria-per-dieta-ecologic","10":"categoria-per-dieta-vega","12":"first","13":"instock","14":"taxable","15":"shipping-taxable","16":"purchasable","17":"product-type-variable"},"acf":[],"_links":{"self":[{"href":"https:\/\/mitjavilaslowshop.com\/en\/wp-json\/wp\/v2\/product\/72242","targetHints":{"allow":["GET"]}}],"collection":[{"href":"https:\/\/mitjavilaslowshop.com\/en\/wp-json\/wp\/v2\/product"}],"about":[{"href":"https:\/\/mitjavilaslowshop.com\/en\/wp-json\/wp\/v2\/types\/product"}],"replies":[{"embeddable":true,"href":"https:\/\/mitjavilaslowshop.com\/en\/wp-json\/wp\/v2\/comments?post=72242"}],"version-history":[{"count":8,"href":"https:\/\/mitjavilaslowshop.com\/en\/wp-json\/wp\/v2\/product\/72242\/revisions"}],"predecessor-version":[{"id":89839,"href":"https:\/\/mitjavilaslowshop.com\/en\/wp-json\/wp\/v2\/product\/72242\/revisions\/89839"}],"wp:featuredmedia":[{"embeddable":true,"href":"https:\/\/mitjavilaslowshop.com\/en\/wp-json\/wp\/v2\/media\/72243"}],"wp:attachment":[{"href":"https:\/\/mitjavilaslowshop.com\/en\/wp-json\/wp\/v2\/media?parent=72242"}],"wp:term":[{"taxonomy":"product_brand","embeddable":true,"href":"https:\/\/mitjavilaslowshop.com\/en\/wp-json\/wp\/v2\/product_brand?post=72242"},{"taxonomy":"product_cat","embeddable":true,"href":"https:\/\/mitjavilaslowshop.com\/en\/wp-json\/wp\/v2\/product_cat?post=72242"},{"taxonomy":"product_tag","embeddable":true,"href":"https:\/\/mitjavilaslowshop.com\/en\/wp-json\/wp\/v2\/product_tag?post=72242"}],"curies":[{"name":"wp","href":"https:\/\/api.w.org\/{rel}","templated":true}]}}