{"id":71962,"date":"2026-01-04T18:24:48","date_gmt":"2026-01-04T18:24:48","guid":{"rendered":"https:\/\/mitjavilaslowshop.com\/producte\/stick-solar-spf50\/"},"modified":"2026-04-03T02:00:04","modified_gmt":"2026-04-03T02:00:04","slug":"stick-solar-spf50","status":"publish","type":"product","link":"https:\/\/mitjavilaslowshop.com\/en\/producte\/stick-solar-spf50\/","title":{"rendered":"STICK SOLAR SPF50"},"content":{"rendered":"<p>El Stick Solar SPF50 \u00e9s la soluci\u00f3 perfecta per protegir les zones m\u00e9s sensibles del teu rostre i cos amb una aplicaci\u00f3 f\u00e0cil i r\u00e0pida. Amb protecci\u00f3 solar molt alta (SPF50), aquest stick \u00e9s ideal per a activitats a l\u2019aire lliure, esport i viatges, cuidant la teva pell i el medi ambient.<\/p>\n","protected":false},"excerpt":{"rendered":"<p>El Stick Solar SPF50 \u00e9s la soluci\u00f3 perfecta per protegir les zones m\u00e9s sensibles del teu rostre i cos amb una aplicaci\u00f3 f\u00e0cil i r\u00e0pida. Amb protecci\u00f3 solar molt alta (SPF50), aquest stick \u00e9s ideal per a activitats a l\u2019aire lliure, esport i viatges, cuidant la teva pell i el medi ambient.<\/p>\n","protected":false},"featured_media":71963,"comment_status":"open","ping_status":"closed","template":"","meta":{"_acf_changed":false,"_joinchat":[]},"product_brand":[],"product_cat":[266],"product_tag":[],"class_list":{"0":"post-71962","1":"product","2":"type-product","3":"status-publish","4":"has-post-thumbnail","6":"product_cat-hygiene","8":"first","9":"instock","10":"taxable","11":"shipping-taxable","12":"purchasable","13":"product-type-simple"},"acf":[],"_links":{"self":[{"href":"https:\/\/mitjavilaslowshop.com\/en\/wp-json\/wp\/v2\/product\/71962","targetHints":{"allow":["GET"]}}],"collection":[{"href":"https:\/\/mitjavilaslowshop.com\/en\/wp-json\/wp\/v2\/product"}],"about":[{"href":"https:\/\/mitjavilaslowshop.com\/en\/wp-json\/wp\/v2\/types\/product"}],"replies":[{"embeddable":true,"href":"https:\/\/mitjavilaslowshop.com\/en\/wp-json\/wp\/v2\/comments?post=71962"}],"version-history":[{"count":5,"href":"https:\/\/mitjavilaslowshop.com\/en\/wp-json\/wp\/v2\/product\/71962\/revisions"}],"predecessor-version":[{"id":89042,"href":"https:\/\/mitjavilaslowshop.com\/en\/wp-json\/wp\/v2\/product\/71962\/revisions\/89042"}],"wp:featuredmedia":[{"embeddable":true,"href":"https:\/\/mitjavilaslowshop.com\/en\/wp-json\/wp\/v2\/media\/71963"}],"wp:attachment":[{"href":"https:\/\/mitjavilaslowshop.com\/en\/wp-json\/wp\/v2\/media?parent=71962"}],"wp:term":[{"taxonomy":"product_brand","embeddable":true,"href":"https:\/\/mitjavilaslowshop.com\/en\/wp-json\/wp\/v2\/product_brand?post=71962"},{"taxonomy":"product_cat","embeddable":true,"href":"https:\/\/mitjavilaslowshop.com\/en\/wp-json\/wp\/v2\/product_cat?post=71962"},{"taxonomy":"product_tag","embeddable":true,"href":"https:\/\/mitjavilaslowshop.com\/en\/wp-json\/wp\/v2\/product_tag?post=71962"}],"curies":[{"name":"wp","href":"https:\/\/api.w.org\/{rel}","templated":true}]}}