{"id":71702,"date":"2026-01-04T18:25:22","date_gmt":"2026-01-04T18:25:22","guid":{"rendered":"https:\/\/mitjavilaslowshop.com\/producte\/galeta-khorasan-avellanes-i-xoco-bio\/"},"modified":"2026-04-03T02:00:11","modified_gmt":"2026-04-03T02:00:11","slug":"galeta-khorasan-avellanes-i-xoco-bio","status":"publish","type":"product","link":"https:\/\/mitjavilaslowshop.com\/en\/producte\/galeta-khorasan-avellanes-i-xoco-bio\/","title":{"rendered":"GALETA KHORASAN, AVELLANES I XOCO BIO"},"content":{"rendered":"<p>Descobreix la combinaci\u00f3 perfecta de sabor i nutrici\u00f3 amb la galeta ecol\u00f2gica de khorasan amb avellanes i xocolata, elaborada artesanalment . El cereal antic khorasan aporta una textura suau i rica en nutrients, mentre que les avellanes i la xocolata ofereixen un gust intens i irresistible. Ideal per acompanyar el teu caf\u00e8, te o per gaudir d\u2019un snack saludable i sostenible.<br \/>\nOrigen: Catalunya<\/p>\n","protected":false},"excerpt":{"rendered":"<p>Descobreix la combinaci\u00f3 perfecta de sabor i nutrici\u00f3 amb la galeta ecol\u00f2gica de khorasan amb avellanes i xocolata, elaborada artesanalment . El cereal antic khorasan aporta una textura suau i rica en nutrients, mentre que les avellanes i la xocolata ofereixen un gust intens i irresistible. Ideal per acompanyar el teu caf\u00e8, te o per gaudir d\u2019un snack saludable i sostenible.<br \/>\nOrigen: Catalunya<\/p>\n","protected":false},"featured_media":71703,"comment_status":"open","ping_status":"closed","template":"","meta":{"_acf_changed":false,"_joinchat":[]},"product_brand":[],"product_cat":[314],"product_tag":[],"class_list":{"0":"post-71702","1":"product","2":"type-product","3":"status-publish","4":"has-post-thumbnail","6":"product_cat-cookies","8":"first","9":"instock","10":"taxable","11":"shipping-taxable","12":"purchasable","13":"product-type-variable","14":"has-default-attributes"},"acf":[],"_links":{"self":[{"href":"https:\/\/mitjavilaslowshop.com\/en\/wp-json\/wp\/v2\/product\/71702","targetHints":{"allow":["GET"]}}],"collection":[{"href":"https:\/\/mitjavilaslowshop.com\/en\/wp-json\/wp\/v2\/product"}],"about":[{"href":"https:\/\/mitjavilaslowshop.com\/en\/wp-json\/wp\/v2\/types\/product"}],"replies":[{"embeddable":true,"href":"https:\/\/mitjavilaslowshop.com\/en\/wp-json\/wp\/v2\/comments?post=71702"}],"version-history":[{"count":5,"href":"https:\/\/mitjavilaslowshop.com\/en\/wp-json\/wp\/v2\/product\/71702\/revisions"}],"predecessor-version":[{"id":88194,"href":"https:\/\/mitjavilaslowshop.com\/en\/wp-json\/wp\/v2\/product\/71702\/revisions\/88194"}],"wp:featuredmedia":[{"embeddable":true,"href":"https:\/\/mitjavilaslowshop.com\/en\/wp-json\/wp\/v2\/media\/71703"}],"wp:attachment":[{"href":"https:\/\/mitjavilaslowshop.com\/en\/wp-json\/wp\/v2\/media?parent=71702"}],"wp:term":[{"taxonomy":"product_brand","embeddable":true,"href":"https:\/\/mitjavilaslowshop.com\/en\/wp-json\/wp\/v2\/product_brand?post=71702"},{"taxonomy":"product_cat","embeddable":true,"href":"https:\/\/mitjavilaslowshop.com\/en\/wp-json\/wp\/v2\/product_cat?post=71702"},{"taxonomy":"product_tag","embeddable":true,"href":"https:\/\/mitjavilaslowshop.com\/en\/wp-json\/wp\/v2\/product_tag?post=71702"}],"curies":[{"name":"wp","href":"https:\/\/api.w.org\/{rel}","templated":true}]}}