{"id":71344,"date":"2026-01-04T18:26:22","date_gmt":"2026-01-04T18:26:22","guid":{"rendered":"https:\/\/mitjavilaslowshop.com\/producte\/sabo-artesanal-rosa-mosqueta-i-karite\/"},"modified":"2026-04-04T02:00:06","modified_gmt":"2026-04-04T02:00:06","slug":"sabo-artesanal-rosa-mosqueta-i-karite","status":"publish","type":"product","link":"https:\/\/mitjavilaslowshop.com\/en\/producte\/sabo-artesanal-rosa-mosqueta-i-karite\/","title":{"rendered":"SABO ARTESANAL ROSA MOSQUETA I KARITE"},"content":{"rendered":"<p>Sab\u00f3 natural elaborat de forma artesanal amb oli d&#8217;oliva i coco. Amb extracte de Rosa Mosqueta i Karit\u00e9, hidrata i repara la pell.<br \/>\nBiodegradable. Sense oli de palmell. Sense sulfats. Sense ftalats. Sense parafines. Sense silicones. Sense PEG. Sense parabens. Sense kathon. Amb conservants naturals. Veg\u00e0. No testat en animals.<\/p>\n<p>BENEFICIS<br \/>\nMANTECA DE KARIT\u00c8 (Butyrospermum Parkii Butter): greix vegetal extret del fruit del mateix arbre, que t\u00e9 un \u00fas est\u00e8s en cosm\u00e8tica per les seves propietats hidratants. Enforteix la barrera l\u00edpidica de la pell i \u00e9s ideal per a la cura de dermis at\u00f2piques i irritables. Calma i suavitza, sense greixar.<br \/>\nROSA MOSQUETA (Rosa Canina Fruit Oil): font natural de Vitamina C i \u00e0cids grassos, aporta propietats antioxidants, estimula la producci\u00f3 de col\u00b7lagen, redueix les arrugues i repara el dany causat pels raigs solars, com ara taques o hiperpigmentaci\u00f3. Tamb\u00e9 es fa servir com a remei per al dolor articular. Hidrata i recupera flexibilitat a les pells m\u00e9s seques i ajuda a la cicatritzaci\u00f3.<\/p>\n<p>Origen: Nacional<\/p>\n","protected":false},"excerpt":{"rendered":"<p>Sab\u00f3 natural elaborat de forma artesanal amb oli d&#8217;oliva i coco. Amb extracte de Rosa Mosqueta i Karit\u00e9, hidrata i repara la pell.<br \/>\nBiodegradable. Sense oli de palmell. Sense sulfats. Sense ftalats. Sense parafines. Sense silicones. Sense PEG. Sense parabens. Sense kathon. Amb conservants naturals. Veg\u00e0. No testat en animals.<\/p>\n<p>BENEFICIS<br \/>\nMANTECA DE KARIT\u00c8 (Butyrospermum Parkii Butter): greix vegetal extret del fruit del mateix arbre, que t\u00e9 un \u00fas est\u00e8s en cosm\u00e8tica per les seves propietats hidratants. Enforteix la barrera l\u00edpidica de la pell i \u00e9s ideal per a la cura de dermis at\u00f2piques i irritables. Calma i suavitza, sense greixar.<br \/>\nROSA MOSQUETA (Rosa Canina Fruit Oil): font natural de Vitamina C i \u00e0cids grassos, aporta propietats antioxidants, estimula la producci\u00f3 de col\u00b7lagen, redueix les arrugues i repara el dany causat pels raigs solars, com ara taques o hiperpigmentaci\u00f3. Tamb\u00e9 es fa servir com a remei per al dolor articular. Hidrata i recupera flexibilitat a les pells m\u00e9s seques i ajuda a la cicatritzaci\u00f3.<\/p>\n<p>Origen: Nacional<\/p>\n","protected":false},"featured_media":71345,"comment_status":"open","ping_status":"closed","template":"","meta":{"_acf_changed":false,"_joinchat":[]},"product_brand":[],"product_cat":[266],"product_tag":[],"class_list":{"0":"post-71344","1":"product","2":"type-product","3":"status-publish","4":"has-post-thumbnail","6":"product_cat-hygiene","8":"first","9":"instock","10":"featured","11":"taxable","12":"shipping-taxable","13":"purchasable","14":"product-type-variable","15":"has-default-attributes"},"acf":[],"_links":{"self":[{"href":"https:\/\/mitjavilaslowshop.com\/en\/wp-json\/wp\/v2\/product\/71344","targetHints":{"allow":["GET"]}}],"collection":[{"href":"https:\/\/mitjavilaslowshop.com\/en\/wp-json\/wp\/v2\/product"}],"about":[{"href":"https:\/\/mitjavilaslowshop.com\/en\/wp-json\/wp\/v2\/types\/product"}],"replies":[{"embeddable":true,"href":"https:\/\/mitjavilaslowshop.com\/en\/wp-json\/wp\/v2\/comments?post=71344"}],"version-history":[{"count":6,"href":"https:\/\/mitjavilaslowshop.com\/en\/wp-json\/wp\/v2\/product\/71344\/revisions"}],"predecessor-version":[{"id":89673,"href":"https:\/\/mitjavilaslowshop.com\/en\/wp-json\/wp\/v2\/product\/71344\/revisions\/89673"}],"wp:featuredmedia":[{"embeddable":true,"href":"https:\/\/mitjavilaslowshop.com\/en\/wp-json\/wp\/v2\/media\/71345"}],"wp:attachment":[{"href":"https:\/\/mitjavilaslowshop.com\/en\/wp-json\/wp\/v2\/media?parent=71344"}],"wp:term":[{"taxonomy":"product_brand","embeddable":true,"href":"https:\/\/mitjavilaslowshop.com\/en\/wp-json\/wp\/v2\/product_brand?post=71344"},{"taxonomy":"product_cat","embeddable":true,"href":"https:\/\/mitjavilaslowshop.com\/en\/wp-json\/wp\/v2\/product_cat?post=71344"},{"taxonomy":"product_tag","embeddable":true,"href":"https:\/\/mitjavilaslowshop.com\/en\/wp-json\/wp\/v2\/product_tag?post=71344"}],"curies":[{"name":"wp","href":"https:\/\/api.w.org\/{rel}","templated":true}]}}