{"id":71158,"date":"2026-01-04T18:26:45","date_gmt":"2026-01-04T18:26:45","guid":{"rendered":"https:\/\/mitjavilaslowshop.com\/producte\/la-imperfecta-eco-785ml-taronja-valenciana\/"},"modified":"2026-04-12T20:26:41","modified_gmt":"2026-04-12T20:26:41","slug":"la-imperfecta-eco-785ml-taronja-valenciana","status":"publish","type":"product","link":"https:\/\/mitjavilaslowshop.com\/en\/producte\/la-imperfecta-eco-785ml-taronja-valenciana\/","title":{"rendered":"LA IMPERFECTA ECO 785ML TARONJA VALENCIANA"},"content":{"rendered":"<p>Gaudeix de La Imperfecta Eco Taronja + C\u00farcuma 785ml: un suc ecol\u00f2gic i natural amb fruites seleccionades i un toc ex\u00f2tic de c\u00farcuma. Sense sucres afegits ni additius. Una combinaci\u00f3 energitzant i aut\u00e8ntica que captura l\u2019ess\u00e8ncia del sol mediterrani.<\/p>\n","protected":false},"excerpt":{"rendered":"<p>La Imperfecta Eco Taronja Valenciana ECO<\/p>\n","protected":false},"featured_media":80053,"comment_status":"open","ping_status":"closed","template":"","meta":{"_acf_changed":false,"_joinchat":[]},"product_brand":[],"product_cat":[268,382],"product_tag":[],"class_list":{"0":"post-71158","1":"product","2":"type-product","3":"status-publish","4":"has-post-thumbnail","6":"product_cat-beverages","7":"product_cat-beverages-la-imperfecta-eco","9":"first","10":"instock","11":"taxable","12":"shipping-taxable","13":"purchasable","14":"product-type-simple"},"acf":[],"_links":{"self":[{"href":"https:\/\/mitjavilaslowshop.com\/en\/wp-json\/wp\/v2\/product\/71158","targetHints":{"allow":["GET"]}}],"collection":[{"href":"https:\/\/mitjavilaslowshop.com\/en\/wp-json\/wp\/v2\/product"}],"about":[{"href":"https:\/\/mitjavilaslowshop.com\/en\/wp-json\/wp\/v2\/types\/product"}],"replies":[{"embeddable":true,"href":"https:\/\/mitjavilaslowshop.com\/en\/wp-json\/wp\/v2\/comments?post=71158"}],"version-history":[{"count":9,"href":"https:\/\/mitjavilaslowshop.com\/en\/wp-json\/wp\/v2\/product\/71158\/revisions"}],"predecessor-version":[{"id":92102,"href":"https:\/\/mitjavilaslowshop.com\/en\/wp-json\/wp\/v2\/product\/71158\/revisions\/92102"}],"wp:featuredmedia":[{"embeddable":true,"href":"https:\/\/mitjavilaslowshop.com\/en\/wp-json\/wp\/v2\/media\/80053"}],"wp:attachment":[{"href":"https:\/\/mitjavilaslowshop.com\/en\/wp-json\/wp\/v2\/media?parent=71158"}],"wp:term":[{"taxonomy":"product_brand","embeddable":true,"href":"https:\/\/mitjavilaslowshop.com\/en\/wp-json\/wp\/v2\/product_brand?post=71158"},{"taxonomy":"product_cat","embeddable":true,"href":"https:\/\/mitjavilaslowshop.com\/en\/wp-json\/wp\/v2\/product_cat?post=71158"},{"taxonomy":"product_tag","embeddable":true,"href":"https:\/\/mitjavilaslowshop.com\/en\/wp-json\/wp\/v2\/product_tag?post=71158"}],"curies":[{"name":"wp","href":"https:\/\/api.w.org\/{rel}","templated":true}]}}