{"id":33130,"date":"2024-01-07T14:36:13","date_gmt":"2024-01-07T14:36:13","guid":{"rendered":"https:\/\/mitjavilaslowshop.com\/politica-de-cookies\/"},"modified":"2026-03-13T07:12:44","modified_gmt":"2026-03-13T07:12:44","slug":"politica-de-cookies","status":"publish","type":"page","link":"https:\/\/mitjavilaslowshop.com\/en\/politica-de-cookies\/","title":{"rendered":"Pol\u00edtica de cookies"},"content":{"rendered":"\t\t<div data-elementor-type=\"wp-page\" data-elementor-id=\"33130\" class=\"elementor elementor-33130 elementor-3112\">\n\t\t\t\t\t\t<section class=\"elementor-section elementor-top-section elementor-element elementor-element-893c472 elementor-section-full_width elementor-section-height-default elementor-section-height-default wpr-particle-no wpr-jarallax-no wpr-parallax-no wpr-sticky-section-no\" data-id=\"893c472\" data-element_type=\"section\" data-e-type=\"section\" data-settings=\"{&quot;background_background&quot;:&quot;classic&quot;}\">\n\t\t\t\t\t\t<div class=\"elementor-container elementor-column-gap-default\">\n\t\t\t\t\t<div class=\"elementor-column elementor-col-100 elementor-top-column elementor-element elementor-element-a943570\" data-id=\"a943570\" data-element_type=\"column\" data-e-type=\"column\" data-settings=\"{&quot;background_background&quot;:&quot;classic&quot;}\">\n\t\t\t<div class=\"elementor-widget-wrap elementor-element-populated\">\n\t\t\t\t\t<div class=\"elementor-background-overlay\"><\/div>\n\t\t\t\t\t\t<div class=\"elementor-element elementor-element-cf01751 elementor-widget elementor-widget-spacer\" data-id=\"cf01751\" data-element_type=\"widget\" data-e-type=\"widget\" data-widget_type=\"spacer.default\">\n\t\t\t\t<div class=\"elementor-widget-container\">\n\t\t\t\t\t\t\t<div class=\"elementor-spacer\">\n\t\t\t<div class=\"elementor-spacer-inner\"><\/div>\n\t\t<\/div>\n\t\t\t\t\t\t<\/div>\n\t\t\t\t<\/div>\n\t\t\t\t<div class=\"elementor-element elementor-element-4ecc926 elementor-widget elementor-widget-heading\" data-id=\"4ecc926\" data-element_type=\"widget\" data-e-type=\"widget\" data-widget_type=\"heading.default\">\n\t\t\t\t<div class=\"elementor-widget-container\">\n\t\t\t\t\t<h1 class=\"elementor-heading-title elementor-size-default\">Pol\u00edtica de Cookies<\/h1>\t\t\t\t<\/div>\n\t\t\t\t<\/div>\n\t\t\t\t<div class=\"elementor-element elementor-element-ed27f71 elementor-widget elementor-widget-spacer\" data-id=\"ed27f71\" data-element_type=\"widget\" data-e-type=\"widget\" data-widget_type=\"spacer.default\">\n\t\t\t\t<div class=\"elementor-widget-container\">\n\t\t\t\t\t\t\t<div class=\"elementor-spacer\">\n\t\t\t<div class=\"elementor-spacer-inner\"><\/div>\n\t\t<\/div>\n\t\t\t\t\t\t<\/div>\n\t\t\t\t<\/div>\n\t\t\t\t\t<\/div>\n\t\t<\/div>\n\t\t\t\t\t<\/div>\n\t\t<\/section>\n\t\t\t\t<section class=\"elementor-section elementor-top-section elementor-element elementor-element-38aa003 elementor-reverse-tablet elementor-reverse-mobile elementor-section-boxed elementor-section-height-default elementor-section-height-default wpr-particle-no wpr-jarallax-no wpr-parallax-no wpr-sticky-section-no\" data-id=\"38aa003\" data-element_type=\"section\" data-e-type=\"section\">\n\t\t\t\t\t\t<div class=\"elementor-container elementor-column-gap-default\">\n\t\t\t\t\t<div class=\"elementor-column elementor-col-100 elementor-top-column elementor-element elementor-element-bb7722a\" data-id=\"bb7722a\" data-element_type=\"column\" data-e-type=\"column\">\n\t\t\t<div class=\"elementor-widget-wrap elementor-element-populated\">\n\t\t\t\t\t\t<div class=\"elementor-element elementor-element-2c10115 elementor-widget elementor-widget-heading\" data-id=\"2c10115\" data-element_type=\"widget\" data-e-type=\"widget\" data-widget_type=\"heading.default\">\n\t\t\t\t<div class=\"elementor-widget-container\">\n\t\t\t\t\t<h2 class=\"elementor-heading-title elementor-size-default\">Mitjavila Slow Shop: Pol\u00edtica de Cookies<\/h2>\t\t\t\t<\/div>\n\t\t\t\t<\/div>\n\t\t\t\t<div class=\"elementor-element elementor-element-107c310 elementor-widget elementor-widget-text-editor\" data-id=\"107c310\" data-element_type=\"widget\" data-e-type=\"widget\" data-widget_type=\"text-editor.default\">\n\t\t\t\t<div class=\"elementor-widget-container\">\n\t\t\t\t\t\t\t\t\t<p>En compliment de la Llei 34\/2002, de 11 de juliol, de Serveis de la Societat de la Informaci\u00f3 i de Comer\u00e7 Electr\u00f2nic, informem l&#8217;Usuari de l&#8217;\u00fas de cookies al lloc web d'&#8221;<strong>Mitjavila Slow Shop<\/strong>&#8220;.<\/p><p>Una cookie \u00e9s un fitxer que es descarrega a l&#8217;ordinador o al dispositiu de l&#8217;Usuari (tel\u00e8fon intel\u00b7ligent, tauleta, televisi\u00f3 connectada&#8230;) en accedir a certes p\u00e0gines web. Les cookies permeten, entre altres coses, recopilar informaci\u00f3 estad\u00edstica, facilitar certes funcionalitats t\u00e8cniques, emmagatzemar i recuperar informaci\u00f3 sobre els h\u00e0bits de navegaci\u00f3 o prefer\u00e8ncies d&#8217;un Usuari o del seu equip i, depenent de la informaci\u00f3 que continguin i de la forma en qu\u00e8 utilitzi el seu equip, poden utilitzar-se per recon\u00e8ixer a l&#8217;Usuari, recordar aspectes com el seu idioma, pa\u00eds, navegador, etc. Si no desitges rebre cookies, pots configurar el teu navegador per eliminar-les del disc dur del teu ordinador, bloquejar-les o ser avisat en cas d&#8217;instal\u00b7laci\u00f3 de les mateixes. Per continuar sense canvis en la configuraci\u00f3 de les cookies, simplement continua navegant a la p\u00e0gina web.<\/p><p><strong>En aquest lloc web s&#8217;utilitzen les seg\u00fcents cookies:<\/strong><\/p>\t\t\t\t\t\t\t\t<\/div>\n\t\t\t\t<\/div>\n\t\t\t\t\t<\/div>\n\t\t<\/div>\n\t\t\t\t\t<\/div>\n\t\t<\/section>\n\t\t\t\t<section class=\"elementor-section elementor-top-section elementor-element elementor-element-7e84ecb elementor-reverse-tablet elementor-reverse-mobile elementor-section-boxed elementor-section-height-default elementor-section-height-default wpr-particle-no wpr-jarallax-no wpr-parallax-no wpr-sticky-section-no\" data-id=\"7e84ecb\" data-element_type=\"section\" data-e-type=\"section\">\n\t\t\t\t\t\t<div class=\"elementor-container elementor-column-gap-default\">\n\t\t\t\t\t<div class=\"elementor-column elementor-col-100 elementor-top-column elementor-element elementor-element-079aea5\" data-id=\"079aea5\" data-element_type=\"column\" data-e-type=\"column\">\n\t\t\t<div class=\"elementor-widget-wrap elementor-element-populated\">\n\t\t\t\t\t\t<div class=\"elementor-element elementor-element-8c7fe9e elementor-widget elementor-widget-heading\" data-id=\"8c7fe9e\" data-element_type=\"widget\" data-e-type=\"widget\" data-widget_type=\"heading.default\">\n\t\t\t\t<div class=\"elementor-widget-container\">\n\t\t\t\t\t<h3 class=\"elementor-heading-title elementor-size-default\">Altres cookies:<\/h3>\t\t\t\t<\/div>\n\t\t\t\t<\/div>\n\t\t\t\t<div class=\"elementor-element elementor-element-4a30d38 elementor-widget elementor-widget-text-editor\" data-id=\"4a30d38\" data-element_type=\"widget\" data-e-type=\"widget\" data-widget_type=\"text-editor.default\">\n\t\t\t\t<div class=\"elementor-widget-container\">\n\t\t\t\t\t\t\t\t\t<p>En alguna p\u00e0gina del lloc web es pot mostrar contingut incrustat o invocat a trav\u00e9s del qual es poden estar instal\u00b7lant cookies de tercers. Per exemple, cookies de Google: P\u00e0gina de Cookies de Google. Quan s&#8217;inclouen aquests continguts en el lloc web s&#8217;intenta que l&#8217;\u00fanica finalitat d&#8217;aquestes cookies sigui t\u00e8cnica. Els tercers que proporcionen els continguts poden decidir canviar la finalitat d&#8217;aquestes cookies, pel que es revisen aquestes p\u00e0gines cada cert temps.<\/p>\t\t\t\t\t\t\t\t<\/div>\n\t\t\t\t<\/div>\n\t\t\t\t\t<\/div>\n\t\t<\/div>\n\t\t\t\t\t<\/div>\n\t\t<\/section>\n\t\t\t\t<section class=\"elementor-section elementor-top-section elementor-element elementor-element-0034e5f elementor-reverse-tablet elementor-reverse-mobile elementor-section-boxed elementor-section-height-default elementor-section-height-default wpr-particle-no wpr-jarallax-no wpr-parallax-no wpr-sticky-section-no\" data-id=\"0034e5f\" data-element_type=\"section\" data-e-type=\"section\">\n\t\t\t\t\t\t<div class=\"elementor-container elementor-column-gap-default\">\n\t\t\t\t\t<div class=\"elementor-column elementor-col-100 elementor-top-column elementor-element elementor-element-142e3b0\" data-id=\"142e3b0\" data-element_type=\"column\" data-e-type=\"column\">\n\t\t\t<div class=\"elementor-widget-wrap elementor-element-populated\">\n\t\t\t\t\t\t<div class=\"elementor-element elementor-element-d745198 elementor-widget elementor-widget-heading\" data-id=\"d745198\" data-element_type=\"widget\" data-e-type=\"widget\" data-widget_type=\"heading.default\">\n\t\t\t\t<div class=\"elementor-widget-container\">\n\t\t\t\t\t<h3 class=\"elementor-heading-title elementor-size-default\">Configuraci\u00f3 de cookies<\/h3>\t\t\t\t<\/div>\n\t\t\t\t<\/div>\n\t\t\t\t<div class=\"elementor-element elementor-element-6e7a855 elementor-widget elementor-widget-text-editor\" data-id=\"6e7a855\" data-element_type=\"widget\" data-e-type=\"widget\" data-widget_type=\"text-editor.default\">\n\t\t\t\t<div class=\"elementor-widget-container\">\n\t\t\t\t\t\t\t\t\t<p>L&#8217;Usuari pot permetre, bloquejar o eliminar les cookies instal\u00b7lades al seu equip mitjan\u00e7ant la configuraci\u00f3 de les opcions del seu navegador. Pots trobar informaci\u00f3 sobre com fer-ho, en relaci\u00f3 amb els navegadors m\u00e9s comuns, als enlla\u00e7os seg\u00fcents:<\/p><p><strong>Chrome, desde:<\/strong><\/p><p><a href=\"http:\/\/support.google.com\/chrome\/bin\/answer.py?hl=es&amp;answer=95647\" target=\"_blank\" rel=\"nofollow noopener\">http:\/\/support.google.com\/chrome\/bin\/answer.py?hl=es&amp;answer=95647<\/a><\/p><p><strong>Explorer, desde:<\/strong><\/p><p><a href=\"https:\/\/support.microsoft.com\/es-es\/help\/17442\/windows-internet-explorer-delete-manage-cookies\" target=\"_blank\" rel=\"nofollow noopener\">https:\/\/support.microsoft.com\/es-es\/help\/17442\/windows-internet-explorer-delete-manage-cookies<\/a><\/p><p><strong>Firefox, desde:<\/strong><\/p><p><a href=\"http:\/\/support.mozilla.org\/es\/kb\/habilitar-y-deshabilitar-cookies-que-los-sitios-we\" target=\"_blank\" rel=\"nofollow noopener\">http:\/\/support.mozilla.org\/es\/kb\/habilitar-y-deshabilitar-cookies-que-los-sitios-we<\/a><\/p><p><strong>Safari, desde:<\/strong><\/p><p><a href=\"https:\/\/support.apple.com\/kb\/PH19214?viewlocale=es_ES&amp;locale=es_ES\" target=\"_blank\" rel=\"nofollow noopener\">https:\/\/support.apple.com\/kb\/PH19214?viewlocale=es_ES&amp;locale=es_ES<\/a><\/p><p><strong>Opera, desde:<\/strong>\u00a0<\/p><p><a href=\"http:\/\/help.opera.com\/Windows\/11.50\/es-ES\/cookies.html\" target=\"_blank\" rel=\"nofollow noopener\">http:\/\/help.opera.com\/Windows\/11.50\/es-ES\/cookies.html<\/a><\/p>\t\t\t\t\t\t\t\t<\/div>\n\t\t\t\t<\/div>\n\t\t\t\t\t<\/div>\n\t\t<\/div>\n\t\t\t\t\t<\/div>\n\t\t<\/section>\n\t\t\t\t<section class=\"elementor-section elementor-top-section elementor-element elementor-element-02bcac6 elementor-reverse-tablet elementor-reverse-mobile elementor-section-boxed elementor-section-height-default elementor-section-height-default wpr-particle-no wpr-jarallax-no wpr-parallax-no wpr-sticky-section-no\" data-id=\"02bcac6\" data-element_type=\"section\" data-e-type=\"section\">\n\t\t\t\t\t\t<div class=\"elementor-container elementor-column-gap-default\">\n\t\t\t\t\t<div class=\"elementor-column elementor-col-100 elementor-top-column elementor-element elementor-element-4479f07\" data-id=\"4479f07\" data-element_type=\"column\" data-e-type=\"column\">\n\t\t\t<div class=\"elementor-widget-wrap elementor-element-populated\">\n\t\t\t\t\t\t<div class=\"elementor-element elementor-element-24d9acc elementor-widget elementor-widget-heading\" data-id=\"24d9acc\" data-element_type=\"widget\" data-e-type=\"widget\" data-widget_type=\"heading.default\">\n\t\t\t\t<div class=\"elementor-widget-container\">\n\t\t\t\t\t<h3 class=\"elementor-heading-title elementor-size-default\">Acceptaci\u00f3 de cookies:<\/h3>\t\t\t\t<\/div>\n\t\t\t\t<\/div>\n\t\t\t\t<div class=\"elementor-element elementor-element-4350be4 elementor-widget elementor-widget-text-editor\" data-id=\"4350be4\" data-element_type=\"widget\" data-e-type=\"widget\" data-widget_type=\"text-editor.default\">\n\t\t\t\t<div class=\"elementor-widget-container\">\n\t\t\t\t\t\t\t\t\t<p>En accedir a aquest lloc web per primera vegada, veur\u00e0s una finestra on s&#8217;informa de l&#8217;\u00fas de les cookies i on pots consultar aquesta \u201cPol\u00edtica de cookies\u201d.<\/p><p>Pots canviar la configuraci\u00f3 de cookies en qualsevol moment, configurant el navegador per acceptar, o no, les cookies que rebeu o perqu\u00e8 el navegador et notifiqui quan un servidor vulgui desar una cookie.<\/p><p>T&#8217;informem que, en cas de bloquejar o no acceptar la instal\u00b7laci\u00f3 de cookies, \u00e9s possible que certs serveis no estiguin disponibles sense la seva utilitzaci\u00f3 o que no puguis accedir a determinats serveis ni tampoc aprofitar completament tot el que ofereix el nostre lloc web.<\/p><p><strong>Mitjavila Slow Shop<\/strong> et d\u00f3na les gr\u00e0cies per consentir l&#8217;acceptaci\u00f3 de les cookies, aix\u00f2 ens ajuda a obtenir dades m\u00e9s precises que ens permeten millorar el contingut i el disseny de les nostres p\u00e0gines web per adaptar-les a les teves prefer\u00e8ncies.<\/p>\t\t\t\t\t\t\t\t<\/div>\n\t\t\t\t<\/div>\n\t\t\t\t\t<\/div>\n\t\t<\/div>\n\t\t\t\t\t<\/div>\n\t\t<\/section>\n\t\t\t\t<\/div>\n\t\t","protected":false},"excerpt":{"rendered":"<p>Pol\u00edtica de Cookies Mitjavila Slow Shop: Pol\u00edtica de Cookies En compliment de la Llei 34\/2002, de 11 de juliol, de Serveis de la Societat de la Informaci\u00f3 i de Comer\u00e7 Electr\u00f2nic, informem l&#8217;Usuari de l&#8217;\u00fas de cookies al lloc web d&#8217;&#8221;Mitjavila Slow Shop&#8220;. Una cookie \u00e9s un fitxer que es descarrega a l&#8217;ordinador o al dispositiu de l&#8217;Usuari (tel\u00e8fon intel\u00b7ligent, tauleta, televisi\u00f3 connectada&#8230;) en accedir a certes p\u00e0gines web. Les cookies permeten, entre altres coses, recopilar informaci\u00f3 estad\u00edstica, facilitar certes funcionalitats t\u00e8cniques, emmagatzemar i recuperar informaci\u00f3 sobre els h\u00e0bits de navegaci\u00f3 o prefer\u00e8ncies d&#8217;un Usuari o del seu equip i, depenent de la informaci\u00f3 que continguin i de la forma en qu\u00e8 utilitzi el seu equip, poden utilitzar-se per recon\u00e8ixer a l&#8217;Usuari, recordar aspectes com el seu idioma, pa\u00eds, navegador, etc. Si no desitges rebre cookies, pots configurar el teu navegador per eliminar-les del disc dur del teu ordinador, bloquejar-les o ser avisat en cas d&#8217;instal\u00b7laci\u00f3 de les mateixes. Per continuar sense canvis en la configuraci\u00f3 de les cookies, simplement continua navegant a la p\u00e0gina web. En aquest lloc web s&#8217;utilitzen les seg\u00fcents cookies: Altres cookies: En alguna p\u00e0gina del lloc web es pot mostrar contingut incrustat o invocat a trav\u00e9s del qual es poden estar instal\u00b7lant cookies de tercers. Per exemple, cookies de Google: P\u00e0gina de Cookies de Google. Quan s&#8217;inclouen aquests continguts en el lloc web s&#8217;intenta que l&#8217;\u00fanica finalitat d&#8217;aquestes cookies sigui t\u00e8cnica. Els tercers que proporcionen els continguts poden decidir canviar la finalitat d&#8217;aquestes cookies, pel que es revisen aquestes p\u00e0gines cada cert temps. Configuraci\u00f3 de cookies L&#8217;Usuari pot permetre, bloquejar o eliminar les cookies instal\u00b7lades al seu equip mitjan\u00e7ant la configuraci\u00f3 de les opcions del seu navegador. Pots trobar informaci\u00f3 sobre com fer-ho, en relaci\u00f3 amb els navegadors m\u00e9s comuns, als enlla\u00e7os seg\u00fcents: Chrome, desde: http:\/\/support.google.com\/chrome\/bin\/answer.py?hl=es&amp;answer=95647 Explorer, desde: https:\/\/support.microsoft.com\/es-es\/help\/17442\/windows-internet-explorer-delete-manage-cookies Firefox, desde: http:\/\/support.mozilla.org\/es\/kb\/habilitar-y-deshabilitar-cookies-que-los-sitios-we Safari, desde: https:\/\/support.apple.com\/kb\/PH19214?viewlocale=es_ES&amp;locale=es_ES Opera, desde:\u00a0 http:\/\/help.opera.com\/Windows\/11.50\/es-ES\/cookies.html Acceptaci\u00f3 de cookies: En accedir a aquest lloc web per primera vegada, veur\u00e0s una finestra on s&#8217;informa de l&#8217;\u00fas de les cookies i on pots consultar aquesta \u201cPol\u00edtica de cookies\u201d. Pots canviar la configuraci\u00f3 de cookies en qualsevol moment, configurant el navegador per acceptar, o no, les cookies que rebeu o perqu\u00e8 el navegador et notifiqui quan un servidor vulgui desar una cookie. T&#8217;informem que, en cas de bloquejar o no acceptar la instal\u00b7laci\u00f3 de cookies, \u00e9s possible que certs serveis no estiguin disponibles sense la seva utilitzaci\u00f3 o que no puguis accedir a determinats serveis ni tampoc aprofitar completament tot el que ofereix el nostre lloc web. Mitjavila Slow Shop et d\u00f3na les gr\u00e0cies per consentir l&#8217;acceptaci\u00f3 de les cookies, aix\u00f2 ens ajuda a obtenir dades m\u00e9s precises que ens permeten millorar el contingut i el disseny de les nostres p\u00e0gines web per adaptar-les a les teves prefer\u00e8ncies.<\/p>\n","protected":false},"author":1,"featured_media":33131,"parent":0,"menu_order":0,"comment_status":"closed","ping_status":"closed","template":"elementor_canvas","meta":{"_acf_changed":false,"_joinchat":[],"footnotes":""},"class_list":["post-33130","page","type-page","status-publish","has-post-thumbnail","hentry"],"acf":[],"_links":{"self":[{"href":"https:\/\/mitjavilaslowshop.com\/en\/wp-json\/wp\/v2\/pages\/33130","targetHints":{"allow":["GET"]}}],"collection":[{"href":"https:\/\/mitjavilaslowshop.com\/en\/wp-json\/wp\/v2\/pages"}],"about":[{"href":"https:\/\/mitjavilaslowshop.com\/en\/wp-json\/wp\/v2\/types\/page"}],"author":[{"embeddable":true,"href":"https:\/\/mitjavilaslowshop.com\/en\/wp-json\/wp\/v2\/users\/1"}],"replies":[{"embeddable":true,"href":"https:\/\/mitjavilaslowshop.com\/en\/wp-json\/wp\/v2\/comments?post=33130"}],"version-history":[{"count":10,"href":"https:\/\/mitjavilaslowshop.com\/en\/wp-json\/wp\/v2\/pages\/33130\/revisions"}],"predecessor-version":[{"id":80452,"href":"https:\/\/mitjavilaslowshop.com\/en\/wp-json\/wp\/v2\/pages\/33130\/revisions\/80452"}],"wp:featuredmedia":[{"embeddable":true,"href":"https:\/\/mitjavilaslowshop.com\/en\/wp-json\/wp\/v2\/media\/33131"}],"wp:attachment":[{"href":"https:\/\/mitjavilaslowshop.com\/en\/wp-json\/wp\/v2\/media?parent=33130"}],"curies":[{"name":"wp","href":"https:\/\/api.w.org\/{rel}","templated":true}]}}